{"id":1001,"date":"2021-07-30T15:53:46","date_gmt":"2021-07-30T13:53:46","guid":{"rendered":"https:\/\/www.fermedesainteluce.com\/web\/?page_id=1001"},"modified":"2023-11-27T16:04:55","modified_gmt":"2023-11-27T15:04:55","slug":"la-biscuiterie","status":"publish","type":"page","link":"https:\/\/www.fermedesainteluce.com\/web\/decouvrez-nos-produits\/la-biscuiterie\/","title":{"rendered":"La biscuiterie"},"content":{"rendered":"<p class=\"Textbody\">Depuis le printemps 2021, <strong>un charmant local accueille l&#8217;activit\u00e9 de biscuiterie &amp; brioche.<br \/>\n<\/strong><\/p>\n<p>Tous les jeudis et vendredis, les biscuiti\u00e8res y fabriquent biscuits sal\u00e9s, biscuits sucr\u00e9s, brioches et pains d&#8217;\u00e9pices. Elles cuisent ensuite leurs plaques de biscuits dans le four \u00e0 pain encore chaud de la journ\u00e9e de boulangerie \u00e9coul\u00e9e.<\/p>\n<p>L&#8217;odeur des biscuits en train de cuire embaume alors le village de Sainte-Luce ! Impossible de r\u00e9sister&#8230;<\/p>\n<p>En biscuits sal\u00e9s, pour des ap\u00e9ros d\u00e9licieux elles vous proposent des <strong>gressins nature, pavot ou s\u00e9same et des crackers du brasseur au romarin<\/strong>.<\/p>\n<p>En biscuits sucr\u00e9s, pour un maximum de gourmandise, elles vous pr\u00e9parent des <strong>cookies amande-raisin ou chocolat-noisette, ou encore des canistrelli<\/strong>&#8230; Quel r\u00e9gal !<\/p>\n<p>Les<strong> brioches au levain, au lait et au beurre de la ferme,<\/strong> incontournables, vous r\u00e9galeront au petit d\u00e9jeuner ou au go\u00fbter ! Elles sont cuites uniquement le vendredi, et vendues le vendredi soir \u00e0 la ferme et le samedi matin sur le march\u00e9 de l&#8217;estacade, \u00e0 Grenoble.<\/p>\n<p>Sur commande nous pouvons confectionner de merveilleux pains \u00e0 garnir, les <strong>Petits Chauvets<\/strong>, par exemple si vous souhaitez faire une soir\u00e9e burgers ! Commande \u00e0 passer le mardi pour une cuisson le jeudi soir et une r\u00e9cup\u00e9ration \/ livraison le vendredi ou le samedi.<\/p>\n<p>Les <strong>pains d&#8217;\u00e9pices<\/strong> sont nos petits nouveaux, et ont d\u00e9j\u00e0 un beau succ\u00e8s. Une recette traditionnelle : eau, farine de seigle, miel et \u00e9pices !<\/p>\n<p>Nous choisissons avec grand soin nos ingr\u00e9dients utilis\u00e9s en biscuiterie et nous allons au plus local possible. Des producteurs fran\u00e7ais quand c&#8217;est possible.<\/p>\n<p><span style=\"font-size: 14pt;\"><strong>Ingr\u00e9dients :<\/strong><\/span><\/p>\n<p><strong>De notre ferme :<\/strong><br \/>\nDr\u00eaches de notre bi\u00e8re (r\u00e9sidus des c\u00e9r\u00e9ales apr\u00e8s brassage) pour les crackers<br \/>\nBeurre (fait par les biscuiti\u00e8res) pour les brioches (quantit\u00e9 insuffisante pour couvrir tous nos besoins)<br \/>\nLait cru<br \/>\nRomarin<br \/>\n<strong>Des producteurs locaux :<\/strong><br \/>\nHuile d&#8217;olive des Oliviers de Notre Dame \u00e0 Valensole (04)<br \/>\nOeufs de Atticora \u00e0 La M\u00fbre (38)<br \/>\nFarines du GAEC des Vorzys (Tri\u00e8ves)<br \/>\nMiel de Haute-Montagne de Beno\u00eet Dor\u00e9mus \u00e0 Saint Firmin (05)<br \/>\n<strong>De France m\u00e9tropolitaine, mais command\u00e9 chez le grossiste bio :<\/strong><br \/>\nSucre de betterave<br \/>\nSel de Camargue (Les Salins du Midi)<br \/>\nBeurre de baratte de Bretagne<br \/>\n<strong>D&#8217;ailleurs :<\/strong><br \/>\nChocolat, noisettes, amandes, flocons d&#8217;avoine, raisins secs, graines de pavot et de s\u00e9same, \u00e9pices, vanille, poudre \u00e0 lever.<\/p>\n<div data-carousel-extra='{\"blog_id\":1,\"permalink\":\"https:\\\/\\\/www.fermedesainteluce.com\\\/web\\\/decouvrez-nos-produits\\\/la-biscuiterie\\\/\",\"likes_blog_id\":false}' class=\"tiled-gallery type-square tiled-gallery-unresized\" data-original-width=\"1200\"><div class=\"tiled-gallery-item\"><a border=\"0\" href=\"https:\/\/www.fermedesainteluce.com\/web\/decouvrez-nos-produits\/la-biscuiterie\/attachment\/img_20210910_194639\/\"><img data-attachment-id=\"1066\" data-orig-file=\"https:\/\/www.fermedesainteluce.com\/web\/wp-content\/uploads\/2021\/11\/IMG_20210910_194639.jpg\" data-orig-size=\"1280,960\" data-comments-opened=\"0\" data-image-meta=\"{&quot;aperture&quot;:&quot;2&quot;,&quot;credit&quot;:&quot;&quot;,&quot;camera&quot;:&quot;Nokia 3.1&quot;,&quot;caption&quot;:&quot;&quot;,&quot;created_timestamp&quot;:&quot;1631303199&quot;,&quot;copyright&quot;:&quot;&quot;,&quot;focal_length&quot;:&quot;3.5&quot;,&quot;iso&quot;:&quot;114&quot;,&quot;shutter_speed&quot;:&quot;0.029996&quot;,&quot;title&quot;:&quot;&quot;,&quot;orientation&quot;:&quot;1&quot;,&quot;keywords&quot;:&quot;Array&quot;}\" data-image-title=\"IMG_20210910_194639\" data-image-description=\"\" data-medium-file=\"https:\/\/www.fermedesainteluce.com\/web\/wp-content\/uploads\/2021\/11\/IMG_20210910_194639-300x225.jpg\" data-large-file=\"https:\/\/www.fermedesainteluce.com\/web\/wp-content\/uploads\/2021\/11\/IMG_20210910_194639-1024x768.jpg\" style=\"margin: 2px\" src=\"https:\/\/www.fermedesainteluce.com\/web\/wp-content\/uploads\/2021\/11\/IMG_20210910_194639.jpg?w=595&#038;h=595&#038;crop=1\" width=595 height=595 title=\"IMG_20210910_194639\" \/><\/a><div class=\"tiled-gallery-caption\">Un aper\u00e7u de notre local<\/div><\/div><div class=\"tiled-gallery-item\"><a border=\"0\" href=\"https:\/\/www.fermedesainteluce.com\/web\/decouvrez-nos-produits\/la-biscuiterie\/attachment\/img_20210910_173216\/\"><img data-attachment-id=\"1065\" data-orig-file=\"https:\/\/www.fermedesainteluce.com\/web\/wp-content\/uploads\/2021\/11\/IMG_20210910_173216.jpg\" data-orig-size=\"1280,960\" data-comments-opened=\"0\" data-image-meta=\"{&quot;aperture&quot;:&quot;2&quot;,&quot;credit&quot;:&quot;&quot;,&quot;camera&quot;:&quot;Nokia 3.1&quot;,&quot;caption&quot;:&quot;&quot;,&quot;created_timestamp&quot;:&quot;1631295136&quot;,&quot;copyright&quot;:&quot;&quot;,&quot;focal_length&quot;:&quot;3.5&quot;,&quot;iso&quot;:&quot;203&quot;,&quot;shutter_speed&quot;:&quot;0.029996&quot;,&quot;title&quot;:&quot;&quot;,&quot;orientation&quot;:&quot;1&quot;,&quot;keywords&quot;:&quot;Array&quot;}\" data-image-title=\"IMG_20210910_173216\" data-image-description=\"\" data-medium-file=\"https:\/\/www.fermedesainteluce.com\/web\/wp-content\/uploads\/2021\/11\/IMG_20210910_173216-300x225.jpg\" data-large-file=\"https:\/\/www.fermedesainteluce.com\/web\/wp-content\/uploads\/2021\/11\/IMG_20210910_173216-1024x768.jpg\" style=\"margin: 2px\" src=\"https:\/\/www.fermedesainteluce.com\/web\/wp-content\/uploads\/2021\/11\/IMG_20210910_173216.jpg?w=595&#038;h=595&#038;crop=1\" width=595 height=595 title=\"IMG_20210910_173216\" \/><\/a><div class=\"tiled-gallery-caption\">Les magnifiques brioches<\/div><\/div><div class=\"tiled-gallery-item\"><a border=\"0\" href=\"https:\/\/www.fermedesainteluce.com\/web\/decouvrez-nos-produits\/la-biscuiterie\/attachment\/img_20210910_173034\/\"><img data-attachment-id=\"1064\" data-orig-file=\"https:\/\/www.fermedesainteluce.com\/web\/wp-content\/uploads\/2021\/11\/IMG_20210910_173034.jpg\" data-orig-size=\"960,1280\" data-comments-opened=\"0\" data-image-meta=\"{&quot;aperture&quot;:&quot;2&quot;,&quot;credit&quot;:&quot;&quot;,&quot;camera&quot;:&quot;Nokia 3.1&quot;,&quot;caption&quot;:&quot;&quot;,&quot;created_timestamp&quot;:&quot;1631295035&quot;,&quot;copyright&quot;:&quot;&quot;,&quot;focal_length&quot;:&quot;3.5&quot;,&quot;iso&quot;:&quot;860&quot;,&quot;shutter_speed&quot;:&quot;0.050004&quot;,&quot;title&quot;:&quot;&quot;,&quot;orientation&quot;:&quot;1&quot;,&quot;keywords&quot;:&quot;Array&quot;}\" data-image-title=\"IMG_20210910_173034\" data-image-description=\"\" data-medium-file=\"https:\/\/www.fermedesainteluce.com\/web\/wp-content\/uploads\/2021\/11\/IMG_20210910_173034-225x300.jpg\" data-large-file=\"https:\/\/www.fermedesainteluce.com\/web\/wp-content\/uploads\/2021\/11\/IMG_20210910_173034-768x1024.jpg\" style=\"margin: 2px\" src=\"https:\/\/www.fermedesainteluce.com\/web\/wp-content\/uploads\/2021\/11\/IMG_20210910_173034.jpg?w=396&#038;h=396&#038;crop=1\" width=396 height=396 title=\"IMG_20210910_173034\" \/><\/a><div class=\"tiled-gallery-caption\">Prise de temp\u00e9rature des brioches<\/div><\/div><div class=\"tiled-gallery-item\"><a border=\"0\" href=\"https:\/\/www.fermedesainteluce.com\/web\/decouvrez-nos-produits\/la-biscuiterie\/attachment\/img_20210409_183036\/\"><img data-attachment-id=\"1061\" data-orig-file=\"https:\/\/www.fermedesainteluce.com\/web\/wp-content\/uploads\/2021\/11\/IMG_20210409_183036.jpg\" data-orig-size=\"1280,960\" data-comments-opened=\"0\" data-image-meta=\"{&quot;aperture&quot;:&quot;2&quot;,&quot;credit&quot;:&quot;&quot;,&quot;camera&quot;:&quot;Nokia 3.1&quot;,&quot;caption&quot;:&quot;&quot;,&quot;created_timestamp&quot;:&quot;1617993039&quot;,&quot;copyright&quot;:&quot;&quot;,&quot;focal_length&quot;:&quot;3.5&quot;,&quot;iso&quot;:&quot;832&quot;,&quot;shutter_speed&quot;:&quot;0.040005&quot;,&quot;title&quot;:&quot;&quot;,&quot;orientation&quot;:&quot;1&quot;,&quot;keywords&quot;:&quot;Array&quot;}\" data-image-title=\"IMG_20210409_183036\" data-image-description=\"\" data-medium-file=\"https:\/\/www.fermedesainteluce.com\/web\/wp-content\/uploads\/2021\/11\/IMG_20210409_183036-300x225.jpg\" data-large-file=\"https:\/\/www.fermedesainteluce.com\/web\/wp-content\/uploads\/2021\/11\/IMG_20210409_183036-1024x768.jpg\" style=\"margin: 2px\" src=\"https:\/\/www.fermedesainteluce.com\/web\/wp-content\/uploads\/2021\/11\/IMG_20210409_183036.jpg?w=396&#038;h=396&#038;crop=1\" width=396 height=396 title=\"IMG_20210409_183036\" \/><\/a><div class=\"tiled-gallery-caption\">Des gressins qui cuisent<\/div><\/div><div class=\"tiled-gallery-item\"><a border=\"0\" href=\"https:\/\/www.fermedesainteluce.com\/web\/tout\/a-la-une\/nouveau-produit-de-nos-biscuitieres-le-pain-depices\/attachment\/pain-depices3\/\"><img data-attachment-id=\"1169\" data-orig-file=\"https:\/\/www.fermedesainteluce.com\/web\/wp-content\/uploads\/2022\/12\/pain-depices3.jpg\" data-orig-size=\"1280,960\" data-comments-opened=\"0\" data-image-meta=\"{&quot;aperture&quot;:&quot;1.9&quot;,&quot;credit&quot;:&quot;&quot;,&quot;camera&quot;:&quot;SM-A320FL&quot;,&quot;caption&quot;:&quot;&quot;,&quot;created_timestamp&quot;:&quot;1665135951&quot;,&quot;copyright&quot;:&quot;&quot;,&quot;focal_length&quot;:&quot;3.6&quot;,&quot;iso&quot;:&quot;40&quot;,&quot;shutter_speed&quot;:&quot;0.0010214504596527&quot;,&quot;title&quot;:&quot;&quot;,&quot;orientation&quot;:&quot;1&quot;,&quot;keywords&quot;:&quot;Array&quot;}\" data-image-title=\"pain depices3\" data-image-description=\"\" data-medium-file=\"https:\/\/www.fermedesainteluce.com\/web\/wp-content\/uploads\/2022\/12\/pain-depices3-300x225.jpg\" data-large-file=\"https:\/\/www.fermedesainteluce.com\/web\/wp-content\/uploads\/2022\/12\/pain-depices3-1024x768.jpg\" style=\"margin: 2px\" src=\"https:\/\/www.fermedesainteluce.com\/web\/wp-content\/uploads\/2022\/12\/pain-depices3.jpg?w=396&#038;h=396&#038;crop=1\" width=396 height=396 title=\"pain depices3\" \/><\/a><div class=\"tiled-gallery-caption\">Le pain d&#8217;\u00e9pices<\/div><\/div><\/div>\n","protected":false},"excerpt":{"rendered":"<p>Depuis le printemps 2021, un charmant local accueille l&#8217;activit\u00e9 de biscuiterie &amp; brioche. Tous les jeudis et vendredis, les biscuiti\u00e8res y fabriquent biscuits sal\u00e9s, biscuits sucr\u00e9s, brioches et pains d&#8217;\u00e9pices. Elles cuisent ensuite leurs plaques de biscuits dans le four \u00e0 pain encore chaud de [&hellip;]<\/p>\n","protected":false},"author":2,"featured_media":0,"parent":267,"menu_order":0,"comment_status":"closed","ping_status":"closed","template":"template-full.php","meta":{"_custom_body_class":"","_custom_post_class":""},"_links":{"self":[{"href":"https:\/\/www.fermedesainteluce.com\/web\/wp-json\/wp\/v2\/pages\/1001"}],"collection":[{"href":"https:\/\/www.fermedesainteluce.com\/web\/wp-json\/wp\/v2\/pages"}],"about":[{"href":"https:\/\/www.fermedesainteluce.com\/web\/wp-json\/wp\/v2\/types\/page"}],"author":[{"embeddable":true,"href":"https:\/\/www.fermedesainteluce.com\/web\/wp-json\/wp\/v2\/users\/2"}],"replies":[{"embeddable":true,"href":"https:\/\/www.fermedesainteluce.com\/web\/wp-json\/wp\/v2\/comments?post=1001"}],"version-history":[{"count":9,"href":"https:\/\/www.fermedesainteluce.com\/web\/wp-json\/wp\/v2\/pages\/1001\/revisions"}],"predecessor-version":[{"id":1369,"href":"https:\/\/www.fermedesainteluce.com\/web\/wp-json\/wp\/v2\/pages\/1001\/revisions\/1369"}],"up":[{"embeddable":true,"href":"https:\/\/www.fermedesainteluce.com\/web\/wp-json\/wp\/v2\/pages\/267"}],"wp:attachment":[{"href":"https:\/\/www.fermedesainteluce.com\/web\/wp-json\/wp\/v2\/media?parent=1001"}],"curies":[{"name":"wp","href":"https:\/\/api.w.org\/{rel}","templated":true}]}}