{"id":1045,"date":"2021-11-22T10:58:46","date_gmt":"2021-11-22T09:58:46","guid":{"rendered":"https:\/\/www.fermedesainteluce.com\/web\/?page_id=1045"},"modified":"2024-02-14T11:17:41","modified_gmt":"2024-02-14T10:17:41","slug":"les-biscuits","status":"publish","type":"page","link":"https:\/\/www.fermedesainteluce.com\/web\/decouvrez-nos-produits\/les-biscuits\/","title":{"rendered":"Les biscuits"},"content":{"rendered":"<p>Nos biscuits sont pr\u00e9par\u00e9s avec soin dans notre local d\u00e9di\u00e9, et cuits dans le four \u00e0 pain apr\u00e8s la derni\u00e8re fourn\u00e9e du jour, sans faire de nouvelle chauffe du four.<\/p>\n<p>L&#8217;\u00e9quipe des biscuiti\u00e8res vous propose :<\/p>\n<ul>\n<li><strong>Brioche au levain et au beurre<\/strong>, 480gr<\/li>\n<li><strong>Petit Chauvet &#8211; pain \u00e0 garnir<\/strong> <em>(pour vos burgers&#8230; par exemple), 100gr<br \/>\n<\/em><\/li>\n<li><strong>Biscuits sal\u00e9s au levain<\/strong> : crackers du brasseur au romarin, gressins nature, gressins s\u00e9same, gressins pavot<\/li>\n<li><strong>Biscuits sucr\u00e9s <\/strong>(sans levain)\u00a0 : cookies amande-raisin, cookies chocolat-noisette, sabl\u00e9s s\u00e9same<\/li>\n<li><strong>Le pain d&#8217;\u00e9pices<\/strong>, produit saisonnier sur la p\u00e9riode hivernale. Au miel des Hautes-Alpes et \u00e0 la farine de seigle.<br \/>\n<div data-carousel-extra='{\"blog_id\":1,\"permalink\":\"https:\\\/\\\/www.fermedesainteluce.com\\\/web\\\/decouvrez-nos-produits\\\/les-biscuits\\\/\",\"likes_blog_id\":false}' class=\"tiled-gallery type-rectangular tiled-gallery-unresized\" data-original-width=\"1200\"><div class=\"gallery-row\" style=\"width: 1195px; height: 595px;\"><div class=\"gallery-group images-1\" style=\"width: 797px; height: 599px;\"><div class=\"tiled-gallery-item tiled-gallery-item-large\"><a href=\"https:\/\/www.fermedesainteluce.com\/web\/decouvrez-nos-produits\/les-biscuits\/attachment\/img_2236\/\"><img data-attachment-id=\"1047\" data-orig-file=\"https:\/\/www.fermedesainteluce.com\/web\/wp-content\/uploads\/2021\/11\/IMG_2236.jpg\" data-orig-size=\"1280,960\" data-comments-opened=\"0\" data-image-meta=\"{&quot;aperture&quot;:&quot;4&quot;,&quot;credit&quot;:&quot;&quot;,&quot;camera&quot;:&quot;Canon PowerShot G11&quot;,&quot;caption&quot;:&quot;&quot;,&quot;created_timestamp&quot;:&quot;1623405535&quot;,&quot;copyright&quot;:&quot;&quot;,&quot;focal_length&quot;:&quot;6.1&quot;,&quot;iso&quot;:&quot;80&quot;,&quot;shutter_speed&quot;:&quot;0.00125&quot;,&quot;title&quot;:&quot;&quot;,&quot;orientation&quot;:&quot;1&quot;,&quot;keywords&quot;:&quot;Array&quot;}\" data-image-title=\"IMG_2236\" data-image-description=\"\" data-medium-file=\"https:\/\/www.fermedesainteluce.com\/web\/wp-content\/uploads\/2021\/11\/IMG_2236-300x225.jpg\" data-large-file=\"https:\/\/www.fermedesainteluce.com\/web\/wp-content\/uploads\/2021\/11\/IMG_2236-1024x768.jpg\" src=\"https:\/\/www.fermedesainteluce.com\/web\/wp-content\/uploads\/2021\/11\/IMG_2236.jpg?w=793&#038;h=595\" width=\"793\" height=\"595\" align=\"left\" title=\"IMG_2236\" \/><\/a><div class=\"tiled-gallery-caption\">les biscuits sucr\u00e9s<\/div><\/div><\/div><div class=\"gallery-group images-2\" style=\"width: 398px; height: 599px;\"><div class=\"tiled-gallery-item tiled-gallery-item-large\"><a href=\"https:\/\/www.fermedesainteluce.com\/web\/non-classe\/nouveau-de-delicieux-canistrelli\/attachment\/1678735170570\/\"><img data-attachment-id=\"1262\" data-orig-file=\"https:\/\/www.fermedesainteluce.com\/web\/wp-content\/uploads\/2023\/03\/1678735170570.jpg\" data-orig-size=\"1280,960\" data-comments-opened=\"0\" data-image-meta=\"{&quot;aperture&quot;:&quot;0&quot;,&quot;credit&quot;:&quot;&quot;,&quot;camera&quot;:&quot;--&quot;,&quot;caption&quot;:&quot;&quot;,&quot;created_timestamp&quot;:&quot;1678727477&quot;,&quot;copyright&quot;:&quot;&quot;,&quot;focal_length&quot;:&quot;0&quot;,&quot;iso&quot;:&quot;0&quot;,&quot;shutter_speed&quot;:&quot;1&quot;,&quot;title&quot;:&quot;&quot;,&quot;orientation&quot;:&quot;1&quot;,&quot;keywords&quot;:&quot;Array&quot;}\" data-image-title=\"\" data-image-description=\"\" data-medium-file=\"https:\/\/www.fermedesainteluce.com\/web\/wp-content\/uploads\/2023\/03\/1678735170570-300x225.jpg\" data-large-file=\"https:\/\/www.fermedesainteluce.com\/web\/wp-content\/uploads\/2023\/03\/1678735170570-1024x768.jpg\" src=\"https:\/\/www.fermedesainteluce.com\/web\/wp-content\/uploads\/2023\/03\/1678735170570.jpg?w=394&#038;h=295\" width=\"394\" height=\"295\" align=\"left\" title=\"\" \/><\/a><div class=\"tiled-gallery-caption\">Canistrelli<\/div><\/div><div class=\"tiled-gallery-item tiled-gallery-item-large\"><a href=\"https:\/\/www.fermedesainteluce.com\/web\/decouvrez-nos-produits\/les-biscuits\/attachment\/img_2242\/\"><img data-attachment-id=\"1048\" data-orig-file=\"https:\/\/www.fermedesainteluce.com\/web\/wp-content\/uploads\/2021\/11\/IMG_2242.jpg\" data-orig-size=\"1280,960\" data-comments-opened=\"0\" data-image-meta=\"{&quot;aperture&quot;:&quot;4&quot;,&quot;credit&quot;:&quot;&quot;,&quot;camera&quot;:&quot;Canon PowerShot G11&quot;,&quot;caption&quot;:&quot;&quot;,&quot;created_timestamp&quot;:&quot;1623405825&quot;,&quot;copyright&quot;:&quot;&quot;,&quot;focal_length&quot;:&quot;6.1&quot;,&quot;iso&quot;:&quot;80&quot;,&quot;shutter_speed&quot;:&quot;0.001&quot;,&quot;title&quot;:&quot;&quot;,&quot;orientation&quot;:&quot;1&quot;,&quot;keywords&quot;:&quot;Array&quot;}\" data-image-title=\"IMG_2242\" data-image-description=\"\" data-medium-file=\"https:\/\/www.fermedesainteluce.com\/web\/wp-content\/uploads\/2021\/11\/IMG_2242-300x225.jpg\" data-large-file=\"https:\/\/www.fermedesainteluce.com\/web\/wp-content\/uploads\/2021\/11\/IMG_2242-1024x768.jpg\" src=\"https:\/\/www.fermedesainteluce.com\/web\/wp-content\/uploads\/2021\/11\/IMG_2242.jpg?w=394&#038;h=296\" width=\"394\" height=\"296\" align=\"left\" title=\"IMG_2242\" \/><\/a><div class=\"tiled-gallery-caption\">Cookies chocolat-noisette<\/div><\/div><\/div><\/div><div class=\"gallery-row\" style=\"width: 1195px; height: 965px;\"><div class=\"gallery-group images-1\" style=\"width: 728px; height: 969px;\"><div class=\"tiled-gallery-item tiled-gallery-item-large\"><a href=\"https:\/\/www.fermedesainteluce.com\/web\/decouvrez-nos-produits\/les-biscuits\/attachment\/img_2259\/\"><img data-attachment-id=\"1050\" data-orig-file=\"https:\/\/www.fermedesainteluce.com\/web\/wp-content\/uploads\/2021\/11\/IMG_2259.jpg\" data-orig-size=\"960,1280\" data-comments-opened=\"0\" data-image-meta=\"{&quot;aperture&quot;:&quot;4&quot;,&quot;credit&quot;:&quot;&quot;,&quot;camera&quot;:&quot;Canon PowerShot G11&quot;,&quot;caption&quot;:&quot;&quot;,&quot;created_timestamp&quot;:&quot;1623406843&quot;,&quot;copyright&quot;:&quot;&quot;,&quot;focal_length&quot;:&quot;6.1&quot;,&quot;iso&quot;:&quot;125&quot;,&quot;shutter_speed&quot;:&quot;0.0015625&quot;,&quot;title&quot;:&quot;&quot;,&quot;orientation&quot;:&quot;1&quot;,&quot;keywords&quot;:&quot;Array&quot;}\" data-image-title=\"IMG_2259\" data-image-description=\"\" data-medium-file=\"https:\/\/www.fermedesainteluce.com\/web\/wp-content\/uploads\/2021\/11\/IMG_2259-225x300.jpg\" data-large-file=\"https:\/\/www.fermedesainteluce.com\/web\/wp-content\/uploads\/2021\/11\/IMG_2259-768x1024.jpg\" src=\"https:\/\/www.fermedesainteluce.com\/web\/wp-content\/uploads\/2021\/11\/IMG_2259.jpg?w=724&#038;h=965\" width=\"724\" height=\"965\" align=\"left\" title=\"IMG_2259\" \/><\/a><div class=\"tiled-gallery-caption\">Gressins nature<\/div><\/div><\/div><div class=\"gallery-group images-3\" style=\"width: 467px; height: 969px;\"><div class=\"tiled-gallery-item tiled-gallery-item-large\"><a href=\"https:\/\/www.fermedesainteluce.com\/web\/decouvrez-nos-produits\/les-biscuits\/attachment\/img_2262\/\"><img data-attachment-id=\"1051\" data-orig-file=\"https:\/\/www.fermedesainteluce.com\/web\/wp-content\/uploads\/2021\/11\/IMG_2262.jpg\" data-orig-size=\"1280,960\" data-comments-opened=\"0\" data-image-meta=\"{&quot;aperture&quot;:&quot;4&quot;,&quot;credit&quot;:&quot;&quot;,&quot;camera&quot;:&quot;Canon PowerShot G11&quot;,&quot;caption&quot;:&quot;&quot;,&quot;created_timestamp&quot;:&quot;1623407143&quot;,&quot;copyright&quot;:&quot;&quot;,&quot;focal_length&quot;:&quot;6.1&quot;,&quot;iso&quot;:&quot;100&quot;,&quot;shutter_speed&quot;:&quot;0.001&quot;,&quot;title&quot;:&quot;&quot;,&quot;orientation&quot;:&quot;1&quot;,&quot;keywords&quot;:&quot;Array&quot;}\" data-image-title=\"IMG_2262\" data-image-description=\"\" data-medium-file=\"https:\/\/www.fermedesainteluce.com\/web\/wp-content\/uploads\/2021\/11\/IMG_2262-300x225.jpg\" data-large-file=\"https:\/\/www.fermedesainteluce.com\/web\/wp-content\/uploads\/2021\/11\/IMG_2262-1024x768.jpg\" src=\"https:\/\/www.fermedesainteluce.com\/web\/wp-content\/uploads\/2021\/11\/IMG_2262.jpg?w=463&#038;h=347\" width=\"463\" height=\"347\" align=\"left\" title=\"IMG_2262\" \/><\/a><div class=\"tiled-gallery-caption\">Petits Chauvets sur commande<\/div><\/div><div class=\"tiled-gallery-item tiled-gallery-item-large\"><a href=\"https:\/\/www.fermedesainteluce.com\/web\/decouvrez-nos-produits\/les-biscuits\/attachment\/img_2270\/\"><img data-attachment-id=\"1052\" data-orig-file=\"https:\/\/www.fermedesainteluce.com\/web\/wp-content\/uploads\/2021\/11\/IMG_2270.jpg\" data-orig-size=\"1280,960\" data-comments-opened=\"0\" data-image-meta=\"{&quot;aperture&quot;:&quot;2.8&quot;,&quot;credit&quot;:&quot;&quot;,&quot;camera&quot;:&quot;Canon PowerShot G11&quot;,&quot;caption&quot;:&quot;&quot;,&quot;created_timestamp&quot;:&quot;1623407609&quot;,&quot;copyright&quot;:&quot;&quot;,&quot;focal_length&quot;:&quot;6.1&quot;,&quot;iso&quot;:&quot;80&quot;,&quot;shutter_speed&quot;:&quot;0.0005&quot;,&quot;title&quot;:&quot;&quot;,&quot;orientation&quot;:&quot;1&quot;,&quot;keywords&quot;:&quot;Array&quot;}\" data-image-title=\"IMG_2270\" data-image-description=\"\" data-medium-file=\"https:\/\/www.fermedesainteluce.com\/web\/wp-content\/uploads\/2021\/11\/IMG_2270-300x225.jpg\" data-large-file=\"https:\/\/www.fermedesainteluce.com\/web\/wp-content\/uploads\/2021\/11\/IMG_2270-1024x768.jpg\" src=\"https:\/\/www.fermedesainteluce.com\/web\/wp-content\/uploads\/2021\/11\/IMG_2270.jpg?w=463&#038;h=347\" width=\"463\" height=\"347\" align=\"left\" title=\"IMG_2270\" \/><\/a><div class=\"tiled-gallery-caption\">Gressins nature pavot et s\u00e9same<\/div><\/div><div class=\"tiled-gallery-item tiled-gallery-item-large\"><a href=\"https:\/\/www.fermedesainteluce.com\/web\/decouvrez-nos-produits\/les-biscuits\/attachment\/img_2279\/\"><img data-attachment-id=\"1053\" data-orig-file=\"https:\/\/www.fermedesainteluce.com\/web\/wp-content\/uploads\/2021\/11\/IMG_2279.jpg\" data-orig-size=\"1280,726\" data-comments-opened=\"0\" data-image-meta=\"{&quot;aperture&quot;:&quot;4&quot;,&quot;credit&quot;:&quot;&quot;,&quot;camera&quot;:&quot;Canon PowerShot G11&quot;,&quot;caption&quot;:&quot;&quot;,&quot;created_timestamp&quot;:&quot;1623407775&quot;,&quot;copyright&quot;:&quot;&quot;,&quot;focal_length&quot;:&quot;6.1&quot;,&quot;iso&quot;:&quot;80&quot;,&quot;shutter_speed&quot;:&quot;0.00125&quot;,&quot;title&quot;:&quot;&quot;,&quot;orientation&quot;:&quot;1&quot;,&quot;keywords&quot;:&quot;Array&quot;}\" data-image-title=\"IMG_2279\" data-image-description=\"\" data-medium-file=\"https:\/\/www.fermedesainteluce.com\/web\/wp-content\/uploads\/2021\/11\/IMG_2279-300x170.jpg\" data-large-file=\"https:\/\/www.fermedesainteluce.com\/web\/wp-content\/uploads\/2021\/11\/IMG_2279-1024x581.jpg\" src=\"https:\/\/www.fermedesainteluce.com\/web\/wp-content\/uploads\/2021\/11\/IMG_2279.jpg?w=463&#038;h=263\" width=\"463\" height=\"263\" align=\"left\" title=\"IMG_2279\" \/><\/a><div class=\"tiled-gallery-caption\">Gressins s\u00e9same<\/div><\/div><\/div><\/div><div class=\"gallery-row\" style=\"width: 1195px; height: 251px;\"><div class=\"gallery-group images-1\" style=\"width: 347px; height: 255px;\"><div class=\"tiled-gallery-item tiled-gallery-item-large\"><a href=\"https:\/\/www.fermedesainteluce.com\/web\/decouvrez-nos-produits\/les-biscuits\/attachment\/img_2280\/\"><img data-attachment-id=\"1054\" data-orig-file=\"https:\/\/www.fermedesainteluce.com\/web\/wp-content\/uploads\/2021\/11\/IMG_2280.jpg\" data-orig-size=\"1280,936\" data-comments-opened=\"0\" data-image-meta=\"{&quot;aperture&quot;:&quot;4&quot;,&quot;credit&quot;:&quot;&quot;,&quot;camera&quot;:&quot;Canon PowerShot G11&quot;,&quot;caption&quot;:&quot;&quot;,&quot;created_timestamp&quot;:&quot;1623407794&quot;,&quot;copyright&quot;:&quot;&quot;,&quot;focal_length&quot;:&quot;6.1&quot;,&quot;iso&quot;:&quot;125&quot;,&quot;shutter_speed&quot;:&quot;0.001&quot;,&quot;title&quot;:&quot;&quot;,&quot;orientation&quot;:&quot;1&quot;,&quot;keywords&quot;:&quot;Array&quot;}\" data-image-title=\"IMG_2280\" data-image-description=\"\" data-medium-file=\"https:\/\/www.fermedesainteluce.com\/web\/wp-content\/uploads\/2021\/11\/IMG_2280-300x219.jpg\" data-large-file=\"https:\/\/www.fermedesainteluce.com\/web\/wp-content\/uploads\/2021\/11\/IMG_2280-1024x749.jpg\" src=\"https:\/\/www.fermedesainteluce.com\/web\/wp-content\/uploads\/2021\/11\/IMG_2280.jpg?w=343&#038;h=251\" width=\"343\" height=\"251\" align=\"left\" title=\"IMG_2280\" \/><\/a><div class=\"tiled-gallery-caption\">Gressins pavot<\/div><\/div><\/div><div class=\"gallery-group images-1\" style=\"width: 510px; height: 255px;\"><div class=\"tiled-gallery-item tiled-gallery-item-large\"><a href=\"https:\/\/www.fermedesainteluce.com\/web\/decouvrez-nos-produits\/les-biscuits\/attachment\/img_2287\/\"><img data-attachment-id=\"1055\" data-orig-file=\"https:\/\/www.fermedesainteluce.com\/web\/wp-content\/uploads\/2021\/11\/IMG_2287.jpg\" data-orig-size=\"1280,635\" data-comments-opened=\"0\" data-image-meta=\"{&quot;aperture&quot;:&quot;4&quot;,&quot;credit&quot;:&quot;&quot;,&quot;camera&quot;:&quot;Canon PowerShot G11&quot;,&quot;caption&quot;:&quot;&quot;,&quot;created_timestamp&quot;:&quot;1623408105&quot;,&quot;copyright&quot;:&quot;&quot;,&quot;focal_length&quot;:&quot;6.1&quot;,&quot;iso&quot;:&quot;80&quot;,&quot;shutter_speed&quot;:&quot;0.00125&quot;,&quot;title&quot;:&quot;&quot;,&quot;orientation&quot;:&quot;1&quot;,&quot;keywords&quot;:&quot;Array&quot;}\" data-image-title=\"IMG_2287\" data-image-description=\"\" data-medium-file=\"https:\/\/www.fermedesainteluce.com\/web\/wp-content\/uploads\/2021\/11\/IMG_2287-300x149.jpg\" data-large-file=\"https:\/\/www.fermedesainteluce.com\/web\/wp-content\/uploads\/2021\/11\/IMG_2287-1024x508.jpg\" src=\"https:\/\/www.fermedesainteluce.com\/web\/wp-content\/uploads\/2021\/11\/IMG_2287.jpg?w=506&#038;h=251\" width=\"506\" height=\"251\" align=\"left\" title=\"IMG_2287\" \/><\/a><div class=\"tiled-gallery-caption\">Crackers du brasseur au  romarin<\/div><\/div><\/div><div class=\"gallery-group images-1\" style=\"width: 338px; height: 255px;\"><div class=\"tiled-gallery-item tiled-gallery-item-large\"><a href=\"biscuiterie\" class=\"no-lightbox\"><img data-attachment-id=\"1057\" data-orig-file=\"https:\/\/www.fermedesainteluce.com\/web\/wp-content\/uploads\/2021\/11\/IMG_2299.jpg\" data-orig-size=\"1280,960\" data-comments-opened=\"0\" data-image-meta=\"{&quot;aperture&quot;:&quot;4&quot;,&quot;credit&quot;:&quot;&quot;,&quot;camera&quot;:&quot;Canon PowerShot G11&quot;,&quot;caption&quot;:&quot;&quot;,&quot;created_timestamp&quot;:&quot;1623749001&quot;,&quot;copyright&quot;:&quot;&quot;,&quot;focal_length&quot;:&quot;6.1&quot;,&quot;iso&quot;:&quot;125&quot;,&quot;shutter_speed&quot;:&quot;0.001&quot;,&quot;title&quot;:&quot;&quot;,&quot;orientation&quot;:&quot;1&quot;,&quot;keywords&quot;:&quot;Array&quot;}\" data-image-title=\"IMG_2299\" data-image-description=\"\" data-medium-file=\"https:\/\/www.fermedesainteluce.com\/web\/wp-content\/uploads\/2021\/11\/IMG_2299-300x225.jpg\" data-large-file=\"https:\/\/www.fermedesainteluce.com\/web\/wp-content\/uploads\/2021\/11\/IMG_2299-1024x768.jpg\" src=\"https:\/\/www.fermedesainteluce.com\/web\/wp-content\/uploads\/2021\/11\/IMG_2299.jpg?w=334&#038;h=251\" width=\"334\" height=\"251\" align=\"left\" title=\"IMG_2299\" \/><\/a><div class=\"tiled-gallery-caption\">les biscuits sal\u00e9s<\/div><\/div><\/div><\/div><div class=\"gallery-row\" style=\"width: 1195px; height: 445px;\"><div class=\"gallery-group images-1\" style=\"width: 597px; height: 449px;\"><div class=\"tiled-gallery-item tiled-gallery-item-large\"><a href=\"https:\/\/www.fermedesainteluce.com\/web\/tout\/produits\/hmmm-la-brioche-de-sainte-luce\/attachment\/img-20180810-wa0000\/\"><img data-attachment-id=\"209\" data-orig-file=\"https:\/\/www.fermedesainteluce.com\/web\/wp-content\/uploads\/2018\/09\/IMG-20180810-WA0000.jpg\" data-orig-size=\"1600,1200\" data-comments-opened=\"0\" data-image-meta=\"{&quot;aperture&quot;:&quot;0&quot;,&quot;credit&quot;:&quot;&quot;,&quot;camera&quot;:&quot;&quot;,&quot;caption&quot;:&quot;&quot;,&quot;created_timestamp&quot;:&quot;0&quot;,&quot;copyright&quot;:&quot;&quot;,&quot;focal_length&quot;:&quot;0&quot;,&quot;iso&quot;:&quot;0&quot;,&quot;shutter_speed&quot;:&quot;0&quot;,&quot;title&quot;:&quot;&quot;,&quot;orientation&quot;:&quot;0&quot;,&quot;keywords&quot;:&quot;Array&quot;}\" data-image-title=\"brioche\" data-image-description=\"\" data-medium-file=\"https:\/\/www.fermedesainteluce.com\/web\/wp-content\/uploads\/2018\/09\/IMG-20180810-WA0000-300x225.jpg\" data-large-file=\"https:\/\/www.fermedesainteluce.com\/web\/wp-content\/uploads\/2018\/09\/IMG-20180810-WA0000-1024x768.jpg\" src=\"https:\/\/www.fermedesainteluce.com\/web\/wp-content\/uploads\/2018\/09\/IMG-20180810-WA0000.jpg?w=593&#038;h=445\" width=\"593\" height=\"445\" align=\"left\" title=\"brioche\" \/><\/a><div class=\"tiled-gallery-caption\">La brioche au levain de Sainte-Luce.<\/div><\/div><\/div><div class=\"gallery-group images-1\" style=\"width: 598px; height: 449px;\"><div class=\"tiled-gallery-item tiled-gallery-item-large\"><a href=\"https:\/\/www.fermedesainteluce.com\/web\/tout\/a-la-une\/nouveau-produit-de-nos-biscuitieres-le-pain-depices\/attachment\/pain-depices3\/\"><img data-attachment-id=\"1169\" data-orig-file=\"https:\/\/www.fermedesainteluce.com\/web\/wp-content\/uploads\/2022\/12\/pain-depices3.jpg\" data-orig-size=\"1280,960\" data-comments-opened=\"0\" data-image-meta=\"{&quot;aperture&quot;:&quot;1.9&quot;,&quot;credit&quot;:&quot;&quot;,&quot;camera&quot;:&quot;SM-A320FL&quot;,&quot;caption&quot;:&quot;&quot;,&quot;created_timestamp&quot;:&quot;1665135951&quot;,&quot;copyright&quot;:&quot;&quot;,&quot;focal_length&quot;:&quot;3.6&quot;,&quot;iso&quot;:&quot;40&quot;,&quot;shutter_speed&quot;:&quot;0.0010214504596527&quot;,&quot;title&quot;:&quot;&quot;,&quot;orientation&quot;:&quot;1&quot;,&quot;keywords&quot;:&quot;Array&quot;}\" data-image-title=\"pain depices3\" data-image-description=\"\" data-medium-file=\"https:\/\/www.fermedesainteluce.com\/web\/wp-content\/uploads\/2022\/12\/pain-depices3-300x225.jpg\" data-large-file=\"https:\/\/www.fermedesainteluce.com\/web\/wp-content\/uploads\/2022\/12\/pain-depices3-1024x768.jpg\" src=\"https:\/\/www.fermedesainteluce.com\/web\/wp-content\/uploads\/2022\/12\/pain-depices3.jpg?w=594&#038;h=445\" width=\"594\" height=\"445\" align=\"left\" title=\"pain depices3\" \/><\/a><div class=\"tiled-gallery-caption\">Le pain d&#8217;\u00e9pices<\/div><\/div><\/div><\/div><\/div><\/li>\n<li><\/li>\n<\/ul>\n","protected":false},"excerpt":{"rendered":"<p>Nos biscuits sont pr\u00e9par\u00e9s avec soin dans notre local d\u00e9di\u00e9, et cuits dans le four \u00e0 pain apr\u00e8s la derni\u00e8re fourn\u00e9e du jour, sans faire de nouvelle chauffe du four. L&#8217;\u00e9quipe des biscuiti\u00e8res vous propose : Brioche au levain et au beurre, 480gr Petit Chauvet [&hellip;]<\/p>\n","protected":false},"author":2,"featured_media":0,"parent":267,"menu_order":0,"comment_status":"closed","ping_status":"closed","template":"","meta":{"_custom_body_class":"","_custom_post_class":""},"_links":{"self":[{"href":"https:\/\/www.fermedesainteluce.com\/web\/wp-json\/wp\/v2\/pages\/1045"}],"collection":[{"href":"https:\/\/www.fermedesainteluce.com\/web\/wp-json\/wp\/v2\/pages"}],"about":[{"href":"https:\/\/www.fermedesainteluce.com\/web\/wp-json\/wp\/v2\/types\/page"}],"author":[{"embeddable":true,"href":"https:\/\/www.fermedesainteluce.com\/web\/wp-json\/wp\/v2\/users\/2"}],"replies":[{"embeddable":true,"href":"https:\/\/www.fermedesainteluce.com\/web\/wp-json\/wp\/v2\/comments?post=1045"}],"version-history":[{"count":4,"href":"https:\/\/www.fermedesainteluce.com\/web\/wp-json\/wp\/v2\/pages\/1045\/revisions"}],"predecessor-version":[{"id":1438,"href":"https:\/\/www.fermedesainteluce.com\/web\/wp-json\/wp\/v2\/pages\/1045\/revisions\/1438"}],"up":[{"embeddable":true,"href":"https:\/\/www.fermedesainteluce.com\/web\/wp-json\/wp\/v2\/pages\/267"}],"wp:attachment":[{"href":"https:\/\/www.fermedesainteluce.com\/web\/wp-json\/wp\/v2\/media?parent=1045"}],"curies":[{"name":"wp","href":"https:\/\/api.w.org\/{rel}","templated":true}]}}