{"id":1214,"date":"2023-02-02T17:08:49","date_gmt":"2023-02-02T16:08:49","guid":{"rendered":"https:\/\/www.fermedesainteluce.com\/web\/?page_id=1214"},"modified":"2023-02-02T17:12:07","modified_gmt":"2023-02-02T16:12:07","slug":"une-ferme-collective","status":"publish","type":"page","link":"https:\/\/www.fermedesainteluce.com\/web\/decouvrir-la-ferme-de-sainte-luce\/une-ferme-collective\/","title":{"rendered":"Une ferme collective"},"content":{"rendered":"\n<p>Nous sommes une vingtaine \u00e0 travailler \u00e0 la ferme. Des associ\u00e9.e.s, des salari\u00e9.e.s&#8230;<br>Une \u00e9quipe qui nous permet d&#8217;avoir une grande qualit\u00e9 de vie : chaque heure travaill\u00e9e est pay\u00e9e, nous prenons des vacances, nous avons un week-end d&#8217;astreinte par mois, nous avons le droit d&#8217;\u00eatre malade car nous avons la possibilit\u00e9 d&#8217;\u00eatre remplac\u00e9s, nous arrangeons nos emplois du temps en fonction des indisponibilit\u00e9s ponctuelles ou r\u00e9guli\u00e8res des uns ou des autres etc. <\/p>\n\n\n\n<p>\u00catre si nombreux requiert une organisation, qui s&#8217;est construite progressivement au cours de ces 22 derni\u00e8res ann\u00e9es. Nous avons mis en place une kyrielle d&#8217;outils qui nous aide \u00e0 fonctionner, \u00e0 s&#8217;organiser, \u00e0 communiquer, \u00e0 prendre des d\u00e9cisions, \u00e0 g\u00e9rer les tensions&#8230; <\/p>\n\n\n\n<p>Nous avons toutes et tous un travail polyvalent et un planning qui \u00e9volue. <br>Comme le partage c&#8217;est la joie, travailler ensemble \u00e0 Sainte Luce, c&#8217;est aussi des \u00e0 c\u00f4t\u00e9s r\u00e9jouissants : les soir\u00e9es pizzas au fournil, des \u00e9v\u00e8nements culturels, des anniversaires \u00e0 f\u00eater, des soir\u00e9es luge etc&#8230;<\/p>\n\n\n\n<p>Si vous voulez voir cela de plus pr\u00e8s, comprendre notre quotidien et notre fonctionnement, nous proposons des moments de d\u00e9couvertes, des mini stages, pour le plaisir, pour la formation, pour la curiosit\u00e9. Bienvenue ! Vous pouvez nous envoyer un mail pour trouver le meilleur moment et le meilleur format.<\/p>\n\n\n\n<figure class=\"wp-block-image size-large\"><img decoding=\"async\" loading=\"lazy\" width=\"1024\" height=\"682\" src=\"https:\/\/www.fermedesainteluce.com\/web\/wp-content\/uploads\/2022\/03\/photo-de-groupe-1024x682.jpg\" alt=\"\" class=\"wp-image-1101\" srcset=\"https:\/\/www.fermedesainteluce.com\/web\/wp-content\/uploads\/2022\/03\/photo-de-groupe-1024x682.jpg 1024w, https:\/\/www.fermedesainteluce.com\/web\/wp-content\/uploads\/2022\/03\/photo-de-groupe-300x200.jpg 300w, https:\/\/www.fermedesainteluce.com\/web\/wp-content\/uploads\/2022\/03\/photo-de-groupe-768x512.jpg 768w, https:\/\/www.fermedesainteluce.com\/web\/wp-content\/uploads\/2022\/03\/photo-de-groupe.jpg 1280w\" sizes=\"(max-width: 1024px) 100vw, 1024px\" \/><figcaption class=\"wp-element-caption\">Notre joyeuse \u00e9quipe en juin 2021 \ud83d\ude42<\/figcaption><\/figure>\n\n\n\n<figure class=\"wp-block-image size-large\"><img decoding=\"async\" loading=\"lazy\" width=\"1024\" height=\"768\" src=\"https:\/\/www.fermedesainteluce.com\/web\/wp-content\/uploads\/2023\/02\/photo-de-groupe-2022-1024x768.jpg\" alt=\"\" class=\"wp-image-1215\" srcset=\"https:\/\/www.fermedesainteluce.com\/web\/wp-content\/uploads\/2023\/02\/photo-de-groupe-2022-1024x768.jpg 1024w, https:\/\/www.fermedesainteluce.com\/web\/wp-content\/uploads\/2023\/02\/photo-de-groupe-2022-300x225.jpg 300w, https:\/\/www.fermedesainteluce.com\/web\/wp-content\/uploads\/2023\/02\/photo-de-groupe-2022-768x576.jpg 768w, https:\/\/www.fermedesainteluce.com\/web\/wp-content\/uploads\/2023\/02\/photo-de-groupe-2022.jpg 1280w\" sizes=\"(max-width: 1024px) 100vw, 1024px\" \/><figcaption class=\"wp-element-caption\"> Et la photo de classe en 2022 ! <\/figcaption><\/figure>\n","protected":false},"excerpt":{"rendered":"<p>Nous sommes une vingtaine \u00e0 travailler \u00e0 la ferme. Des associ\u00e9.e.s, des salari\u00e9.e.s&#8230;Une \u00e9quipe qui nous permet d&#8217;avoir une grande qualit\u00e9 de vie : chaque heure travaill\u00e9e est pay\u00e9e, nous prenons des vacances, nous avons un week-end d&#8217;astreinte par mois, nous avons le droit d&#8217;\u00eatre [&hellip;]<\/p>\n","protected":false},"author":2,"featured_media":0,"parent":247,"menu_order":1,"comment_status":"closed","ping_status":"closed","template":"","meta":{"_custom_body_class":"","_custom_post_class":""},"_links":{"self":[{"href":"https:\/\/www.fermedesainteluce.com\/web\/wp-json\/wp\/v2\/pages\/1214"}],"collection":[{"href":"https:\/\/www.fermedesainteluce.com\/web\/wp-json\/wp\/v2\/pages"}],"about":[{"href":"https:\/\/www.fermedesainteluce.com\/web\/wp-json\/wp\/v2\/types\/page"}],"author":[{"embeddable":true,"href":"https:\/\/www.fermedesainteluce.com\/web\/wp-json\/wp\/v2\/users\/2"}],"replies":[{"embeddable":true,"href":"https:\/\/www.fermedesainteluce.com\/web\/wp-json\/wp\/v2\/comments?post=1214"}],"version-history":[{"count":2,"href":"https:\/\/www.fermedesainteluce.com\/web\/wp-json\/wp\/v2\/pages\/1214\/revisions"}],"predecessor-version":[{"id":1217,"href":"https:\/\/www.fermedesainteluce.com\/web\/wp-json\/wp\/v2\/pages\/1214\/revisions\/1217"}],"up":[{"embeddable":true,"href":"https:\/\/www.fermedesainteluce.com\/web\/wp-json\/wp\/v2\/pages\/247"}],"wp:attachment":[{"href":"https:\/\/www.fermedesainteluce.com\/web\/wp-json\/wp\/v2\/media?parent=1214"}],"curies":[{"name":"wp","href":"https:\/\/api.w.org\/{rel}","templated":true}]}}