{"id":247,"date":"2018-09-25T10:16:01","date_gmt":"2018-09-25T08:16:01","guid":{"rendered":"https:\/\/www.fermedesainteluce.com\/web\/?page_id=247"},"modified":"2023-02-02T16:04:22","modified_gmt":"2023-02-02T15:04:22","slug":"decouvrir-la-ferme-de-sainte-luce","status":"publish","type":"page","link":"https:\/\/www.fermedesainteluce.com\/web\/decouvrir-la-ferme-de-sainte-luce\/","title":{"rendered":"La ferme"},"content":{"rendered":"<h2>Une situation privil\u00e9gi\u00e9e<\/h2>\n<p class=\"Textbody\">La ferme de Sainte Luce se trouve dans le charmant petit village du m\u00eame nom \u00e0 1150m d&#8217;altitude dans le Beaumont aux limites de l&#8217;Is\u00e8re et des Hautes Alpes. Notre ferme se situe en haut du village, avec l&#8217;\u00e9table \u00e0 vaches qui nous donnent leur lait et le b\u00e2timent de transformation comprenant la fromagerie, la cave d&#8217;affinage, la boulangerie et le four \u00e0 pain.<\/p>\n<p class=\"Textbody\">En 2001, plusieurs amis reprennent une ferme de 30 vaches laiti\u00e8res dans le Beaumont. Aujourd&#8217;hui, nous sommes une quinzaine \u00e0 partager diff\u00e9rents travaux de la ferme.<\/p>\n<div data-carousel-extra='{\"blog_id\":1,\"permalink\":\"https:\\\/\\\/www.fermedesainteluce.com\\\/web\\\/decouvrir-la-ferme-de-sainte-luce\\\/\",\"likes_blog_id\":false}' class=\"tiled-gallery type-rectangular tiled-gallery-unresized\" data-original-width=\"1200\"><div class=\"gallery-row\" style=\"width: 1195px; height: 251px;\"><div class=\"gallery-group images-1\" style=\"width: 476px; height: 255px;\"><div class=\"tiled-gallery-item tiled-gallery-item-large\"><a href=\"https:\/\/www.fermedesainteluce.com\/web\/wp-content\/uploads\/2018\/09\/vue.jpg\"><img data-attachment-id=\"248\" data-orig-file=\"https:\/\/www.fermedesainteluce.com\/web\/wp-content\/uploads\/2018\/09\/vue.jpg\" data-orig-size=\"1067,568\" data-comments-opened=\"0\" data-image-meta=\"{&quot;aperture&quot;:&quot;0&quot;,&quot;credit&quot;:&quot;&quot;,&quot;camera&quot;:&quot;&quot;,&quot;caption&quot;:&quot;&quot;,&quot;created_timestamp&quot;:&quot;0&quot;,&quot;copyright&quot;:&quot;&quot;,&quot;focal_length&quot;:&quot;0&quot;,&quot;iso&quot;:&quot;0&quot;,&quot;shutter_speed&quot;:&quot;0&quot;,&quot;title&quot;:&quot;&quot;,&quot;orientation&quot;:&quot;0&quot;,&quot;keywords&quot;:&quot;Array&quot;}\" data-image-title=\"vue\" data-image-description=\"\" data-medium-file=\"https:\/\/www.fermedesainteluce.com\/web\/wp-content\/uploads\/2018\/09\/vue-300x160.jpg\" data-large-file=\"https:\/\/www.fermedesainteluce.com\/web\/wp-content\/uploads\/2018\/09\/vue-1024x545.jpg\" src=\"https:\/\/www.fermedesainteluce.com\/web\/wp-content\/uploads\/2018\/09\/vue.jpg?w=472&#038;h=251\" width=\"472\" height=\"251\" align=\"left\" title=\"vue\" \/><\/a><\/div><\/div><div class=\"gallery-group images-1\" style=\"width: 380px; height: 255px;\"><div class=\"tiled-gallery-item tiled-gallery-item-large\"><a href=\"https:\/\/www.fermedesainteluce.com\/web\/wp-content\/uploads\/2018\/09\/luce_17092013_763-1_L.jpg\"><img data-attachment-id=\"249\" data-orig-file=\"https:\/\/www.fermedesainteluce.com\/web\/wp-content\/uploads\/2018\/09\/luce_17092013_763-1_L.jpg\" data-orig-size=\"1200,800\" data-comments-opened=\"0\" data-image-meta=\"{&quot;aperture&quot;:&quot;8&quot;,&quot;credit&quot;:&quot;&quot;,&quot;camera&quot;:&quot;Canon EOS 5D&quot;,&quot;caption&quot;:&quot;&quot;,&quot;created_timestamp&quot;:&quot;1379437335&quot;,&quot;copyright&quot;:&quot;&quot;,&quot;focal_length&quot;:&quot;24&quot;,&quot;iso&quot;:&quot;400&quot;,&quot;shutter_speed&quot;:&quot;0.00125&quot;,&quot;title&quot;:&quot;&quot;,&quot;orientation&quot;:&quot;0&quot;,&quot;keywords&quot;:&quot;Array&quot;}\" data-image-title=\"vaches\" data-image-description=\"\" data-medium-file=\"https:\/\/www.fermedesainteluce.com\/web\/wp-content\/uploads\/2018\/09\/luce_17092013_763-1_L-300x200.jpg\" data-large-file=\"https:\/\/www.fermedesainteluce.com\/web\/wp-content\/uploads\/2018\/09\/luce_17092013_763-1_L-1024x683.jpg\" src=\"https:\/\/www.fermedesainteluce.com\/web\/wp-content\/uploads\/2018\/09\/luce_17092013_763-1_L.jpg?w=376&#038;h=251\" width=\"376\" height=\"251\" align=\"left\" title=\"vaches\" \/><\/a><\/div><\/div><div class=\"gallery-group images-1\" style=\"width: 339px; height: 255px;\"><div class=\"tiled-gallery-item tiled-gallery-item-large\"><a href=\"https:\/\/www.fermedesainteluce.com\/web\/wp-content\/uploads\/2018\/09\/SAM_0469.jpg\"><img data-attachment-id=\"250\" data-orig-file=\"https:\/\/www.fermedesainteluce.com\/web\/wp-content\/uploads\/2018\/09\/SAM_0469.jpg\" data-orig-size=\"2048,1536\" data-comments-opened=\"0\" data-image-meta=\"{&quot;aperture&quot;:&quot;5.9&quot;,&quot;credit&quot;:&quot;&quot;,&quot;camera&quot;:&quot;SAMSUNG ST500 \\\/ SAMSUNG ST510 \\\/ VLUU ST500 \\\/ SAMSUNG TL220&quot;,&quot;caption&quot;:&quot;&quot;,&quot;created_timestamp&quot;:&quot;1349431484&quot;,&quot;copyright&quot;:&quot;COPYRIGHT, 2009&quot;,&quot;focal_length&quot;:&quot;22.5&quot;,&quot;iso&quot;:&quot;80&quot;,&quot;shutter_speed&quot;:&quot;0.004&quot;,&quot;title&quot;:&quot;&quot;,&quot;orientation&quot;:&quot;1&quot;,&quot;keywords&quot;:&quot;Array&quot;}\" data-image-title=\"cochons\" data-image-description=\"\" data-medium-file=\"https:\/\/www.fermedesainteluce.com\/web\/wp-content\/uploads\/2018\/09\/SAM_0469-300x225.jpg\" data-large-file=\"https:\/\/www.fermedesainteluce.com\/web\/wp-content\/uploads\/2018\/09\/SAM_0469-1024x768.jpg\" src=\"https:\/\/www.fermedesainteluce.com\/web\/wp-content\/uploads\/2018\/09\/SAM_0469.jpg?w=335&#038;h=251\" width=\"335\" height=\"251\" align=\"left\" title=\"cochons\" \/><\/a><\/div><\/div><\/div><\/div>\n<h2>Le rythme de vie de nos animaux suit celui des saisons<\/h2>\n<p class=\"Textbody\"><strong>L\u2019\u00e9t\u00e9<\/strong>, tout le monde, m\u00eame les vaches laiti\u00e8res est dehors dans les prairies et les alpages communaux (de 1200 \u00e0 1600 m\u00e8tres d\u2019altitude). Matin et soir, les vaches rentrent \u00e0 la ferme pour la traite.<\/p>\n<p class=\"Textbody\"><strong>L\u2019hiver<\/strong>, quand les temp\u00e9ratures descendent et que la neige tombe, vaches, veaux, g\u00e9nisses\u00a0: tout le monde se retrouve \u00e0 l\u2019\u00e9table pour environ 5 mois. Quel changement\u00a0! L\u2019atmosph\u00e8re est bien entendue diff\u00e9rente\u00a0: imaginez une trentaine de b\u00eates avec le foin, la paille, on s\u2019y croit. Mais en fait, on y est.\u00a0<strong>Et qu\u2019est-ce qu\u2019on est bien\u00a0!<\/strong><\/p>\n<p class=\"Textbody\">Bon mais ce n\u2019est pas le tout. Quand on est paysan, on nourrit les gens. Alors on pense au go\u00fbt\u00a0! C&#8217;est le coeur m\u00eame de notre m\u00e9tier. \u00a0Hum\u2026le bon lait mais aussi le fromage\u00a0: tommes, fromages blancs, p\u00e2tes molles, le pain : tous ces go\u00fbts caract\u00e9ristiques de Sainte Luce.<\/p>\n<div data-carousel-extra='{\"blog_id\":1,\"permalink\":\"https:\\\/\\\/www.fermedesainteluce.com\\\/web\\\/decouvrir-la-ferme-de-sainte-luce\\\/\",\"likes_blog_id\":false}' class=\"tiled-gallery type-rectangular tiled-gallery-unresized\" data-original-width=\"1200\"><div class=\"gallery-row\" style=\"width: 1195px; height: 549px;\"><div class=\"gallery-group images-1\" style=\"width: 828px; height: 553px;\"><div class=\"tiled-gallery-item tiled-gallery-item-large\"><a href=\"https:\/\/www.fermedesainteluce.com\/web\/wp-content\/uploads\/2018\/09\/luce_16092013_095_L.jpg\"><img data-attachment-id=\"251\" data-orig-file=\"https:\/\/www.fermedesainteluce.com\/web\/wp-content\/uploads\/2018\/09\/luce_16092013_095_L.jpg\" data-orig-size=\"1200,800\" data-comments-opened=\"0\" data-image-meta=\"{&quot;aperture&quot;:&quot;3.2&quot;,&quot;credit&quot;:&quot;&quot;,&quot;camera&quot;:&quot;Canon EOS 5D&quot;,&quot;caption&quot;:&quot;&quot;,&quot;created_timestamp&quot;:&quot;1379354279&quot;,&quot;copyright&quot;:&quot;&quot;,&quot;focal_length&quot;:&quot;24&quot;,&quot;iso&quot;:&quot;1250&quot;,&quot;shutter_speed&quot;:&quot;0.1&quot;,&quot;title&quot;:&quot;&quot;,&quot;orientation&quot;:&quot;0&quot;,&quot;keywords&quot;:&quot;Array&quot;}\" data-image-title=\"vache\" data-image-description=\"\" data-medium-file=\"https:\/\/www.fermedesainteluce.com\/web\/wp-content\/uploads\/2018\/09\/luce_16092013_095_L-300x200.jpg\" data-large-file=\"https:\/\/www.fermedesainteluce.com\/web\/wp-content\/uploads\/2018\/09\/luce_16092013_095_L-1024x683.jpg\" src=\"https:\/\/www.fermedesainteluce.com\/web\/wp-content\/uploads\/2018\/09\/luce_16092013_095_L.jpg?w=824&#038;h=549\" width=\"824\" height=\"549\" align=\"left\" title=\"vache\" \/><\/a><\/div><\/div><div class=\"gallery-group images-2\" style=\"width: 367px; height: 553px;\"><div class=\"tiled-gallery-item tiled-gallery-item-large\"><a href=\"https:\/\/www.fermedesainteluce.com\/web\/wp-content\/uploads\/2018\/09\/P1090807.jpg\"><img data-attachment-id=\"252\" data-orig-file=\"https:\/\/www.fermedesainteluce.com\/web\/wp-content\/uploads\/2018\/09\/P1090807.jpg\" data-orig-size=\"2304,1728\" data-comments-opened=\"0\" data-image-meta=\"{&quot;aperture&quot;:&quot;5&quot;,&quot;credit&quot;:&quot;&quot;,&quot;camera&quot;:&quot;DMC-FZ7&quot;,&quot;caption&quot;:&quot;&quot;,&quot;created_timestamp&quot;:&quot;1350550787&quot;,&quot;copyright&quot;:&quot;&quot;,&quot;focal_length&quot;:&quot;6.7&quot;,&quot;iso&quot;:&quot;80&quot;,&quot;shutter_speed&quot;:&quot;0.01&quot;,&quot;title&quot;:&quot;&quot;,&quot;orientation&quot;:&quot;1&quot;,&quot;keywords&quot;:&quot;Array&quot;}\" data-image-title=\"Cochons nourris au petit lait\" data-image-description=\"\" data-medium-file=\"https:\/\/www.fermedesainteluce.com\/web\/wp-content\/uploads\/2018\/09\/P1090807-300x225.jpg\" data-large-file=\"https:\/\/www.fermedesainteluce.com\/web\/wp-content\/uploads\/2018\/09\/P1090807-1024x768.jpg\" src=\"https:\/\/www.fermedesainteluce.com\/web\/wp-content\/uploads\/2018\/09\/P1090807.jpg?w=363&#038;h=272\" width=\"363\" height=\"272\" align=\"left\" title=\"Cochons nourris au petit lait\" \/><\/a><\/div><div class=\"tiled-gallery-item tiled-gallery-item-large\"><a href=\"https:\/\/www.fermedesainteluce.com\/web\/wp-content\/uploads\/2018\/09\/P1010256.jpg\"><img data-attachment-id=\"438\" data-orig-file=\"https:\/\/www.fermedesainteluce.com\/web\/wp-content\/uploads\/2018\/09\/P1010256.jpg\" data-orig-size=\"1680,1260\" data-comments-opened=\"0\" data-image-meta=\"{&quot;aperture&quot;:&quot;0&quot;,&quot;credit&quot;:&quot;&quot;,&quot;camera&quot;:&quot;&quot;,&quot;caption&quot;:&quot;&quot;,&quot;created_timestamp&quot;:&quot;0&quot;,&quot;copyright&quot;:&quot;&quot;,&quot;focal_length&quot;:&quot;0&quot;,&quot;iso&quot;:&quot;0&quot;,&quot;shutter_speed&quot;:&quot;0&quot;,&quot;title&quot;:&quot;&quot;,&quot;orientation&quot;:&quot;0&quot;,&quot;keywords&quot;:&quot;Array&quot;}\" data-image-title=\"sur la terasse\" data-image-description=\"\" data-medium-file=\"https:\/\/www.fermedesainteluce.com\/web\/wp-content\/uploads\/2018\/09\/P1010256-300x225.jpg\" data-large-file=\"https:\/\/www.fermedesainteluce.com\/web\/wp-content\/uploads\/2018\/09\/P1010256-1024x768.jpg\" src=\"https:\/\/www.fermedesainteluce.com\/web\/wp-content\/uploads\/2018\/09\/P1010256.jpg?w=363&#038;h=273\" width=\"363\" height=\"273\" align=\"left\" title=\"sur la terasse\" \/><\/a><\/div><\/div><\/div><div class=\"gallery-row\" style=\"width: 1195px; height: 445px;\"><div class=\"gallery-group images-1\" style=\"width: 597px; height: 449px;\"><div class=\"tiled-gallery-item tiled-gallery-item-large\"><a href=\"https:\/\/www.fermedesainteluce.com\/web\/wp-content\/uploads\/2018\/09\/P1010268.jpg\"><img data-attachment-id=\"439\" data-orig-file=\"https:\/\/www.fermedesainteluce.com\/web\/wp-content\/uploads\/2018\/09\/P1010268.jpg\" data-orig-size=\"1680,1260\" data-comments-opened=\"0\" data-image-meta=\"{&quot;aperture&quot;:&quot;0&quot;,&quot;credit&quot;:&quot;&quot;,&quot;camera&quot;:&quot;&quot;,&quot;caption&quot;:&quot;&quot;,&quot;created_timestamp&quot;:&quot;0&quot;,&quot;copyright&quot;:&quot;&quot;,&quot;focal_length&quot;:&quot;0&quot;,&quot;iso&quot;:&quot;0&quot;,&quot;shutter_speed&quot;:&quot;0&quot;,&quot;title&quot;:&quot;&quot;,&quot;orientation&quot;:&quot;0&quot;,&quot;keywords&quot;:&quot;Array&quot;}\" data-image-title=\"fournil\" data-image-description=\"\" data-medium-file=\"https:\/\/www.fermedesainteluce.com\/web\/wp-content\/uploads\/2018\/09\/P1010268-300x225.jpg\" data-large-file=\"https:\/\/www.fermedesainteluce.com\/web\/wp-content\/uploads\/2018\/09\/P1010268-1024x768.jpg\" src=\"https:\/\/www.fermedesainteluce.com\/web\/wp-content\/uploads\/2018\/09\/P1010268.jpg?w=593&#038;h=445\" width=\"593\" height=\"445\" align=\"left\" title=\"fournil\" \/><\/a><div class=\"tiled-gallery-caption\">L&#8217;entretien du feu fait partie des t\u00e2ches du boulanger pendant sa journ\u00e9e de pain.<\/div><\/div><\/div><div class=\"gallery-group images-1\" style=\"width: 598px; height: 449px;\"><div class=\"tiled-gallery-item tiled-gallery-item-large\"><a href=\"https:\/\/www.fermedesainteluce.com\/web\/wp-content\/uploads\/2018\/09\/P1010159.jpg\"><img data-attachment-id=\"440\" data-orig-file=\"https:\/\/www.fermedesainteluce.com\/web\/wp-content\/uploads\/2018\/09\/P1010159.jpg\" data-orig-size=\"1680,1260\" data-comments-opened=\"0\" data-image-meta=\"{&quot;aperture&quot;:&quot;0&quot;,&quot;credit&quot;:&quot;&quot;,&quot;camera&quot;:&quot;&quot;,&quot;caption&quot;:&quot;&quot;,&quot;created_timestamp&quot;:&quot;0&quot;,&quot;copyright&quot;:&quot;&quot;,&quot;focal_length&quot;:&quot;0&quot;,&quot;iso&quot;:&quot;0&quot;,&quot;shutter_speed&quot;:&quot;0&quot;,&quot;title&quot;:&quot;&quot;,&quot;orientation&quot;:&quot;0&quot;,&quot;keywords&quot;:&quot;Array&quot;}\" data-image-title=\"traite\" data-image-description=\"\" data-medium-file=\"https:\/\/www.fermedesainteluce.com\/web\/wp-content\/uploads\/2018\/09\/P1010159-300x225.jpg\" data-large-file=\"https:\/\/www.fermedesainteluce.com\/web\/wp-content\/uploads\/2018\/09\/P1010159-1024x768.jpg\" src=\"https:\/\/www.fermedesainteluce.com\/web\/wp-content\/uploads\/2018\/09\/P1010159.jpg?w=594&#038;h=445\" width=\"594\" height=\"445\" align=\"left\" title=\"traite\" \/><\/a><div class=\"tiled-gallery-caption\">Apr\u00e8s la traite, et un repas de foin les vaches re\u00e7oivent leur ration de c\u00e9r\u00e9ales aplaties et de prot\u00e9ines. <\/div><\/div><\/div><\/div><\/div>\n<h2>Agriculture biologique<\/h2>\n<p class=\"Textbody\">Nous respectons le cahier des charges de l\u2019agriculture biologique, garant d\u2019une \u00e9thique de nos pratiques agricoles. Ces pratiques refl\u00e8tent nos pr\u00e9occupations relatives \u00e0 la protection de l&#8217;environnement, \u00e0 la sant\u00e9 humaine et au bien-\u00eatre animal.<\/p>\n","protected":false},"excerpt":{"rendered":"<p>Une situation privil\u00e9gi\u00e9e La ferme de Sainte Luce se trouve dans le charmant petit village du m\u00eame nom \u00e0 1150m d&#8217;altitude dans le Beaumont aux limites de l&#8217;Is\u00e8re et des Hautes Alpes. Notre ferme se situe en haut du village, avec l&#8217;\u00e9table \u00e0 vaches qui [&hellip;]<\/p>\n","protected":false},"author":1,"featured_media":0,"parent":0,"menu_order":0,"comment_status":"closed","ping_status":"closed","template":"template-full.php","meta":{"_custom_body_class":"","_custom_post_class":""},"_links":{"self":[{"href":"https:\/\/www.fermedesainteluce.com\/web\/wp-json\/wp\/v2\/pages\/247"}],"collection":[{"href":"https:\/\/www.fermedesainteluce.com\/web\/wp-json\/wp\/v2\/pages"}],"about":[{"href":"https:\/\/www.fermedesainteluce.com\/web\/wp-json\/wp\/v2\/types\/page"}],"author":[{"embeddable":true,"href":"https:\/\/www.fermedesainteluce.com\/web\/wp-json\/wp\/v2\/users\/1"}],"replies":[{"embeddable":true,"href":"https:\/\/www.fermedesainteluce.com\/web\/wp-json\/wp\/v2\/comments?post=247"}],"version-history":[{"count":6,"href":"https:\/\/www.fermedesainteluce.com\/web\/wp-json\/wp\/v2\/pages\/247\/revisions"}],"predecessor-version":[{"id":1206,"href":"https:\/\/www.fermedesainteluce.com\/web\/wp-json\/wp\/v2\/pages\/247\/revisions\/1206"}],"wp:attachment":[{"href":"https:\/\/www.fermedesainteluce.com\/web\/wp-json\/wp\/v2\/media?parent=247"}],"curies":[{"name":"wp","href":"https:\/\/api.w.org\/{rel}","templated":true}]}}