{"id":325,"date":"2018-09-26T10:29:38","date_gmt":"2018-09-26T08:29:38","guid":{"rendered":"https:\/\/www.fermedesainteluce.com\/web\/?page_id=325"},"modified":"2023-02-02T15:31:19","modified_gmt":"2023-02-02T14:31:19","slug":"yahourts-et-lait","status":"publish","type":"page","link":"https:\/\/www.fermedesainteluce.com\/web\/decouvrez-nos-produits\/yahourts-et-lait\/","title":{"rendered":"Produits frais de vache"},"content":{"rendered":"<ul>\n<li>Le <strong>yaourt<\/strong> de 125 g (vendu par paire ou par six) ou en pot de 500gr.<\/li>\n<li>Le\u00a0<strong>fromage blanc<\/strong>\u00a0de 500 g, battu -donc lisse- ou brut<\/li>\n<li>Et bien s\u00fbr, le <strong>lait cru<\/strong> !<\/li>\n<\/ul>\n<p>Dans un souci de r\u00e9duire l&#8217;impact environnemental induit par les emballages, nos bouteilles, pots de yaourts et pots de fromage blanc sont en verre. Ces contenants peuvent \u00eatre rapport\u00e9s par les clients et sont ainsi r\u00e9utilis\u00e9s. Dans ce m\u00eame esprit, nous favorisons la vente en vrac sur nos march\u00e9s.<\/p>\n<div data-carousel-extra='{\"blog_id\":1,\"permalink\":\"https:\\\/\\\/www.fermedesainteluce.com\\\/web\\\/decouvrez-nos-produits\\\/yahourts-et-lait\\\/\",\"likes_blog_id\":false}' class=\"tiled-gallery type-rectangular tiled-gallery-unresized\" data-original-width=\"1200\"><div class=\"gallery-row\" style=\"width: 1195px; height: 525px;\"><div class=\"gallery-group images-1\" style=\"width: 797px; height: 529px;\"><div class=\"tiled-gallery-item tiled-gallery-item-large\"><a href=\"https:\/\/www.fermedesainteluce.com\/web\/wp-content\/uploads\/2018\/09\/DSC_0134.jpg\"><img data-attachment-id=\"379\" data-orig-file=\"https:\/\/www.fermedesainteluce.com\/web\/wp-content\/uploads\/2018\/09\/DSC_0134.jpg\" data-orig-size=\"1680,1113\" data-comments-opened=\"0\" data-image-meta=\"{&quot;aperture&quot;:&quot;0&quot;,&quot;credit&quot;:&quot;&quot;,&quot;camera&quot;:&quot;&quot;,&quot;caption&quot;:&quot;&quot;,&quot;created_timestamp&quot;:&quot;0&quot;,&quot;copyright&quot;:&quot;&quot;,&quot;focal_length&quot;:&quot;0&quot;,&quot;iso&quot;:&quot;0&quot;,&quot;shutter_speed&quot;:&quot;0&quot;,&quot;title&quot;:&quot;&quot;,&quot;orientation&quot;:&quot;0&quot;,&quot;keywords&quot;:&quot;Array&quot;}\" data-image-title=\"Yaourts fermiers\" data-image-description=\"\" data-medium-file=\"https:\/\/www.fermedesainteluce.com\/web\/wp-content\/uploads\/2018\/09\/DSC_0134-300x199.jpg\" data-large-file=\"https:\/\/www.fermedesainteluce.com\/web\/wp-content\/uploads\/2018\/09\/DSC_0134-1024x678.jpg\" src=\"https:\/\/www.fermedesainteluce.com\/web\/wp-content\/uploads\/2018\/09\/DSC_0134.jpg?w=793&#038;h=525\" width=\"793\" height=\"525\" align=\"left\" title=\"Yaourts fermiers\" \/><\/a><div class=\"tiled-gallery-caption\">Yaourts fermiers<\/div><\/div><\/div><div class=\"gallery-group images-1\" style=\"width: 398px; height: 529px;\"><div class=\"tiled-gallery-item tiled-gallery-item-large\"><a href=\"https:\/\/www.fermedesainteluce.com\/web\/wp-content\/uploads\/2023\/02\/IMG_20230202_152136.jpg\"><img data-attachment-id=\"1184\" data-orig-file=\"https:\/\/www.fermedesainteluce.com\/web\/wp-content\/uploads\/2023\/02\/IMG_20230202_152136.jpg\" data-orig-size=\"960,1280\" data-comments-opened=\"0\" data-image-meta=\"{&quot;aperture&quot;:&quot;2&quot;,&quot;credit&quot;:&quot;&quot;,&quot;camera&quot;:&quot;Nokia 3.1&quot;,&quot;caption&quot;:&quot;&quot;,&quot;created_timestamp&quot;:&quot;1675351296&quot;,&quot;copyright&quot;:&quot;&quot;,&quot;focal_length&quot;:&quot;3.5&quot;,&quot;iso&quot;:&quot;100&quot;,&quot;shutter_speed&quot;:&quot;0.000287&quot;,&quot;title&quot;:&quot;&quot;,&quot;orientation&quot;:&quot;1&quot;,&quot;keywords&quot;:&quot;Array&quot;}\" data-image-title=\"IMG_20230202_152136\" data-image-description=\"\" data-medium-file=\"https:\/\/www.fermedesainteluce.com\/web\/wp-content\/uploads\/2023\/02\/IMG_20230202_152136-225x300.jpg\" data-large-file=\"https:\/\/www.fermedesainteluce.com\/web\/wp-content\/uploads\/2023\/02\/IMG_20230202_152136-768x1024.jpg\" src=\"https:\/\/www.fermedesainteluce.com\/web\/wp-content\/uploads\/2023\/02\/IMG_20230202_152136.jpg?w=394&#038;h=525\" width=\"394\" height=\"525\" align=\"left\" title=\"IMG_20230202_152136\" \/><\/a><div class=\"tiled-gallery-caption\">Les produits frais<\/div><\/div><\/div><\/div><\/div>\n","protected":false},"excerpt":{"rendered":"<p>Le yaourt de 125 g (vendu par paire ou par six) ou en pot de 500gr. Le\u00a0fromage blanc\u00a0de 500 g, battu -donc lisse- ou brut Et bien s\u00fbr, le lait cru ! Dans un souci de r\u00e9duire l&#8217;impact environnemental induit par les emballages, nos bouteilles, [&hellip;]<\/p>\n","protected":false},"author":1,"featured_media":0,"parent":267,"menu_order":0,"comment_status":"closed","ping_status":"closed","template":"template-full.php","meta":{"_custom_body_class":"","_custom_post_class":""},"_links":{"self":[{"href":"https:\/\/www.fermedesainteluce.com\/web\/wp-json\/wp\/v2\/pages\/325"}],"collection":[{"href":"https:\/\/www.fermedesainteluce.com\/web\/wp-json\/wp\/v2\/pages"}],"about":[{"href":"https:\/\/www.fermedesainteluce.com\/web\/wp-json\/wp\/v2\/types\/page"}],"author":[{"embeddable":true,"href":"https:\/\/www.fermedesainteluce.com\/web\/wp-json\/wp\/v2\/users\/1"}],"replies":[{"embeddable":true,"href":"https:\/\/www.fermedesainteluce.com\/web\/wp-json\/wp\/v2\/comments?post=325"}],"version-history":[{"count":13,"href":"https:\/\/www.fermedesainteluce.com\/web\/wp-json\/wp\/v2\/pages\/325\/revisions"}],"predecessor-version":[{"id":1194,"href":"https:\/\/www.fermedesainteluce.com\/web\/wp-json\/wp\/v2\/pages\/325\/revisions\/1194"}],"up":[{"embeddable":true,"href":"https:\/\/www.fermedesainteluce.com\/web\/wp-json\/wp\/v2\/pages\/267"}],"wp:attachment":[{"href":"https:\/\/www.fermedesainteluce.com\/web\/wp-json\/wp\/v2\/media?parent=325"}],"curies":[{"name":"wp","href":"https:\/\/api.w.org\/{rel}","templated":true}]}}