{"id":460,"date":"2018-09-27T18:04:43","date_gmt":"2018-09-27T16:04:43","guid":{"rendered":"https:\/\/www.fermedesainteluce.com\/web\/?page_id=460"},"modified":"2018-09-27T18:04:48","modified_gmt":"2018-09-27T16:04:48","slug":"mentions-legales","status":"publish","type":"page","link":"https:\/\/www.fermedesainteluce.com\/web\/mentions-legales\/","title":{"rendered":"Mentions L\u00e9gales"},"content":{"rendered":"<h2>Propri\u00e9taire du site<\/h2>\n<p>Ce site et le nom de domaine fermedesainteluce.com sont la propri\u00e9t\u00e9 de la SARL PDSL (Pain De Sainte Luce) SIRET : 478 172 463 00018, dont le si\u00e8ge est au village 38970 Sainte Luce, La soci\u00e9t\u00e9 est \u00e9galement responsable du contenu \u00e9ditorial du site.<\/p>\n<h2>Copyright et Cr\u00e9dits<\/h2>\n<p>Les contenus et les images de ce site sont la propri\u00e9t\u00e9 exclusive de PDSL et toute reproduction sans accord \u00e9crit est interdite.<\/p>\n<h2>Cr\u00e9ation et D\u00e9veloppement du site<\/h2>\n<p>Ce site a \u00e9t\u00e9 cr\u00e9e et d\u00e9velopp\u00e9 par la soci\u00e9t\u00e9\u00a0<a href=\"http:\/\/www.eyenet.fr\/\" target=\"_blank\" rel=\"noopener\">eyenet<\/a>. Il est d\u00e9velopp\u00e9 sous WordPress.<\/p>\n<h2>H\u00e9bergement du site<\/h2>\n<p>Le site est h\u00e9berg\u00e9 sur serveur mutualis\u00e9 chez OVH<br \/>\nSAS OVH 140, quai du Sartel 59100 ROUBAIX<br \/>\nTel : 08 99 70 17 61 \/ 08 99 70 17 61 &#8211; Fax : 03 20 20 09 58<\/p>\n","protected":false},"excerpt":{"rendered":"<p>Propri\u00e9taire du site Ce site et le nom de domaine fermedesainteluce.com sont la propri\u00e9t\u00e9 de la SARL PDSL (Pain De Sainte Luce) SIRET : 478 172 463 00018, dont le si\u00e8ge est au village 38970 Sainte Luce, La soci\u00e9t\u00e9 est \u00e9galement responsable du contenu \u00e9ditorial [&hellip;]<\/p>\n","protected":false},"author":1,"featured_media":0,"parent":0,"menu_order":0,"comment_status":"closed","ping_status":"closed","template":"template-full.php","meta":{"_custom_body_class":"","_custom_post_class":""},"_links":{"self":[{"href":"https:\/\/www.fermedesainteluce.com\/web\/wp-json\/wp\/v2\/pages\/460"}],"collection":[{"href":"https:\/\/www.fermedesainteluce.com\/web\/wp-json\/wp\/v2\/pages"}],"about":[{"href":"https:\/\/www.fermedesainteluce.com\/web\/wp-json\/wp\/v2\/types\/page"}],"author":[{"embeddable":true,"href":"https:\/\/www.fermedesainteluce.com\/web\/wp-json\/wp\/v2\/users\/1"}],"replies":[{"embeddable":true,"href":"https:\/\/www.fermedesainteluce.com\/web\/wp-json\/wp\/v2\/comments?post=460"}],"version-history":[{"count":1,"href":"https:\/\/www.fermedesainteluce.com\/web\/wp-json\/wp\/v2\/pages\/460\/revisions"}],"predecessor-version":[{"id":461,"href":"https:\/\/www.fermedesainteluce.com\/web\/wp-json\/wp\/v2\/pages\/460\/revisions\/461"}],"wp:attachment":[{"href":"https:\/\/www.fermedesainteluce.com\/web\/wp-json\/wp\/v2\/media?parent=460"}],"curies":[{"name":"wp","href":"https:\/\/api.w.org\/{rel}","templated":true}]}}