{"id":465,"date":"2018-10-02T11:23:17","date_gmt":"2018-10-02T09:23:17","guid":{"rendered":"https:\/\/www.fermedesainteluce.com\/web\/?page_id=465"},"modified":"2022-11-11T15:53:17","modified_gmt":"2022-11-11T14:53:17","slug":"viande-de-boeuf","status":"publish","type":"page","link":"https:\/\/www.fermedesainteluce.com\/web\/decouvrez-nos-produits\/viande-de-boeuf\/","title":{"rendered":"Viande de boeuf"},"content":{"rendered":"<p>Occasionnellement, nous vous proposons de la\u00a0<strong>viande de b\u0153uf<\/strong> issu des b\u00eates de notre \u00e9levage. Nos animaux sont abattus et conditionn\u00e9s \u00e0 l&#8217;abattoir de la Mure.<\/p>\n<ul>\n<li>Caissettes de 4kg comprenant\u00a0<strong>c\u00f4te de b\u0153uf ou roastbeef, steaks, pot au feu ou brais\u00e9 et bourguignon<\/strong>.<\/li>\n<li><strong>Steaks-hach\u00e9s<\/strong> surgel\u00e9s<\/li>\n<li><strong>Sauce bolognaise<\/strong> pur b\u0153uf &#8211; <em>nouveaut\u00e9 2021<\/em><\/li>\n<li><strong>Carbonade flamande<\/strong> \u00e0 la bi\u00e8re et au pain d&#8217;\u00e9pices de Sainte-Luce &#8211;<em> nouveaut\u00e9 2021<\/em><\/li>\n<\/ul>\n<p>&nbsp;<\/p>\n<div data-carousel-extra='{\"blog_id\":1,\"permalink\":\"https:\\\/\\\/www.fermedesainteluce.com\\\/web\\\/decouvrez-nos-produits\\\/viande-de-boeuf\\\/\",\"likes_blog_id\":false}' class=\"tiled-gallery type-rectangular tiled-gallery-unresized\" data-original-width=\"1200\"><div class=\"gallery-row\" style=\"width: 1195px; height: 595px;\"><div class=\"gallery-group images-1\" style=\"width: 797px; height: 599px;\"><div class=\"tiled-gallery-item tiled-gallery-item-large\"><a href=\"https:\/\/www.fermedesainteluce.com\/web\/decouvrez-nos-produits\/viande-de-boeuf\/attachment\/steaks-haches\/\"><img data-attachment-id=\"961\" data-orig-file=\"https:\/\/www.fermedesainteluce.com\/web\/wp-content\/uploads\/2021\/02\/steaks-hach\u00e9s.jpg\" data-orig-size=\"768,576\" data-comments-opened=\"0\" data-image-meta=\"{&quot;aperture&quot;:&quot;0&quot;,&quot;credit&quot;:&quot;&quot;,&quot;camera&quot;:&quot;&quot;,&quot;caption&quot;:&quot;&quot;,&quot;created_timestamp&quot;:&quot;0&quot;,&quot;copyright&quot;:&quot;&quot;,&quot;focal_length&quot;:&quot;0&quot;,&quot;iso&quot;:&quot;0&quot;,&quot;shutter_speed&quot;:&quot;0&quot;,&quot;title&quot;:&quot;&quot;,&quot;orientation&quot;:&quot;0&quot;,&quot;keywords&quot;:&quot;Array&quot;}\" data-image-title=\"steaks hach\u00e9s\" data-image-description=\"\" data-medium-file=\"https:\/\/www.fermedesainteluce.com\/web\/wp-content\/uploads\/2021\/02\/steaks-hach\u00e9s-300x225.jpg\" data-large-file=\"https:\/\/www.fermedesainteluce.com\/web\/wp-content\/uploads\/2021\/02\/steaks-hach\u00e9s.jpg\" src=\"https:\/\/www.fermedesainteluce.com\/web\/wp-content\/uploads\/2021\/02\/steaks-hach\u00e9s.jpg?w=793&#038;h=595\" width=\"793\" height=\"595\" align=\"left\" title=\"steaks hach\u00e9s\" \/><\/a><\/div><\/div><div class=\"gallery-group images-2\" style=\"width: 398px; height: 599px;\"><div class=\"tiled-gallery-item tiled-gallery-item-large\"><a href=\"https:\/\/www.fermedesainteluce.com\/web\/decouvrez-nos-produits\/viande-de-boeuf\/attachment\/img_20201007_172348\/\"><img data-attachment-id=\"962\" data-orig-file=\"https:\/\/www.fermedesainteluce.com\/web\/wp-content\/uploads\/2021\/02\/IMG_20201007_172348.jpg\" data-orig-size=\"1280,960\" data-comments-opened=\"0\" data-image-meta=\"{&quot;aperture&quot;:&quot;2.2&quot;,&quot;credit&quot;:&quot;&quot;,&quot;camera&quot;:&quot;U FEEL PRIME&quot;,&quot;caption&quot;:&quot;&quot;,&quot;created_timestamp&quot;:&quot;1602091428&quot;,&quot;copyright&quot;:&quot;&quot;,&quot;focal_length&quot;:&quot;4.73&quot;,&quot;iso&quot;:&quot;100&quot;,&quot;shutter_speed&quot;:&quot;0.0053475935828877&quot;,&quot;title&quot;:&quot;&quot;,&quot;orientation&quot;:&quot;0&quot;,&quot;keywords&quot;:&quot;Array&quot;}\" data-image-title=\"Colis de boeuf\" data-image-description=\"\" data-medium-file=\"https:\/\/www.fermedesainteluce.com\/web\/wp-content\/uploads\/2021\/02\/IMG_20201007_172348-300x225.jpg\" data-large-file=\"https:\/\/www.fermedesainteluce.com\/web\/wp-content\/uploads\/2021\/02\/IMG_20201007_172348-1024x768.jpg\" src=\"https:\/\/www.fermedesainteluce.com\/web\/wp-content\/uploads\/2021\/02\/IMG_20201007_172348.jpg?w=394&#038;h=295\" width=\"394\" height=\"295\" align=\"left\" title=\"Colis de boeuf\" \/><\/a><\/div><div class=\"tiled-gallery-item tiled-gallery-item-large\"><a href=\"https:\/\/www.fermedesainteluce.com\/web\/decouvrez-nos-produits\/viande-de-boeuf\/attachment\/img_20211122_112715\/\"><img data-attachment-id=\"1075\" data-orig-file=\"https:\/\/www.fermedesainteluce.com\/web\/wp-content\/uploads\/2021\/11\/IMG_20211122_112715.jpg\" data-orig-size=\"1280,960\" data-comments-opened=\"0\" data-image-meta=\"{&quot;aperture&quot;:&quot;2&quot;,&quot;credit&quot;:&quot;&quot;,&quot;camera&quot;:&quot;Nokia 3.1&quot;,&quot;caption&quot;:&quot;&quot;,&quot;created_timestamp&quot;:&quot;1637580435&quot;,&quot;copyright&quot;:&quot;&quot;,&quot;focal_length&quot;:&quot;3.5&quot;,&quot;iso&quot;:&quot;258&quot;,&quot;shutter_speed&quot;:&quot;0.029996&quot;,&quot;title&quot;:&quot;&quot;,&quot;orientation&quot;:&quot;1&quot;,&quot;keywords&quot;:&quot;Array&quot;}\" data-image-title=\"IMG_20211122_112715\" data-image-description=\"\" data-medium-file=\"https:\/\/www.fermedesainteluce.com\/web\/wp-content\/uploads\/2021\/11\/IMG_20211122_112715-300x225.jpg\" data-large-file=\"https:\/\/www.fermedesainteluce.com\/web\/wp-content\/uploads\/2021\/11\/IMG_20211122_112715-1024x768.jpg\" src=\"https:\/\/www.fermedesainteluce.com\/web\/wp-content\/uploads\/2021\/11\/IMG_20211122_112715.jpg?w=394&#038;h=296\" width=\"394\" height=\"296\" align=\"left\" title=\"IMG_20211122_112715\" \/><\/a><div class=\"tiled-gallery-caption\">Produits transform\u00e9s \u00e0 base de viande de boeuf<\/div><\/div><\/div><\/div><\/div>\n","protected":false},"excerpt":{"rendered":"<p>Occasionnellement, nous vous proposons de la\u00a0viande de b\u0153uf issu des b\u00eates de notre \u00e9levage. Nos animaux sont abattus et conditionn\u00e9s \u00e0 l&#8217;abattoir de la Mure. Caissettes de 4kg comprenant\u00a0c\u00f4te de b\u0153uf ou roastbeef, steaks, pot au feu ou brais\u00e9 et bourguignon. Steaks-hach\u00e9s surgel\u00e9s Sauce bolognaise [&hellip;]<\/p>\n","protected":false},"author":1,"featured_media":0,"parent":267,"menu_order":0,"comment_status":"closed","ping_status":"closed","template":"template-full.php","meta":{"_custom_body_class":"","_custom_post_class":""},"_links":{"self":[{"href":"https:\/\/www.fermedesainteluce.com\/web\/wp-json\/wp\/v2\/pages\/465"}],"collection":[{"href":"https:\/\/www.fermedesainteluce.com\/web\/wp-json\/wp\/v2\/pages"}],"about":[{"href":"https:\/\/www.fermedesainteluce.com\/web\/wp-json\/wp\/v2\/types\/page"}],"author":[{"embeddable":true,"href":"https:\/\/www.fermedesainteluce.com\/web\/wp-json\/wp\/v2\/users\/1"}],"replies":[{"embeddable":true,"href":"https:\/\/www.fermedesainteluce.com\/web\/wp-json\/wp\/v2\/comments?post=465"}],"version-history":[{"count":9,"href":"https:\/\/www.fermedesainteluce.com\/web\/wp-json\/wp\/v2\/pages\/465\/revisions"}],"predecessor-version":[{"id":1156,"href":"https:\/\/www.fermedesainteluce.com\/web\/wp-json\/wp\/v2\/pages\/465\/revisions\/1156"}],"up":[{"embeddable":true,"href":"https:\/\/www.fermedesainteluce.com\/web\/wp-json\/wp\/v2\/pages\/267"}],"wp:attachment":[{"href":"https:\/\/www.fermedesainteluce.com\/web\/wp-json\/wp\/v2\/media?parent=465"}],"curies":[{"name":"wp","href":"https:\/\/api.w.org\/{rel}","templated":true}]}}