{"id":575,"date":"2018-10-04T18:38:47","date_gmt":"2018-10-04T16:38:47","guid":{"rendered":"https:\/\/www.fermedesainteluce.com\/web\/?page_id=575"},"modified":"2023-02-02T15:39:47","modified_gmt":"2023-02-02T14:39:47","slug":"le-pain","status":"publish","type":"page","link":"https:\/\/www.fermedesainteluce.com\/web\/decouvrir-la-ferme-de-sainte-luce\/le-pain\/","title":{"rendered":"Le pain"},"content":{"rendered":"<p>Cinq jours par semaine, nous faisons chauffer notre grand four \u00e0 bois, et produisons une \u00e0 cinq fourn\u00e9es de pain. Nos pains sont tous fabriqu\u00e9s au levain naturel et p\u00e9tris \u00e0 la main. La liste des ingr\u00e9dients est simple\u00a0: eau, levain, sel de gu\u00e9rande et farine. Nos c\u00e9r\u00e9ales proviennent du GAEC des Vorzys \u00e0 Saint Martin de Clelles dans le Tri\u00e8ves ainsi que de la Ferme Varry situ\u00e9e dans les Hautes-Alpes. La farine est de type T80 et est obtenue \u00e0 la meule de pierre. Ce type de mouture est optimal pour conserver les qualit\u00e9s nutritives de la c\u00e9r\u00e9ale.<\/p>\n<p>Pain semi-complet de bl\u00e9, pains aux graines de s\u00e9same ou de pavot, pain noix-raisin, pain de petit-\u00e9peautre, nos boulangers ont sans cesse de nouvelles id\u00e9es pour diversifier notre gamme de pain.<\/p>\n<div data-carousel-extra='{\"blog_id\":1,\"permalink\":\"https:\\\/\\\/www.fermedesainteluce.com\\\/web\\\/decouvrir-la-ferme-de-sainte-luce\\\/le-pain\\\/\",\"likes_blog_id\":false}' class=\"tiled-gallery type-rectangular tiled-gallery-unresized\" data-original-width=\"1200\"><div class=\"gallery-row\" style=\"width: 1195px; height: 329px;\"><div class=\"gallery-group images-1\" style=\"width: 443px; height: 333px;\"><div class=\"tiled-gallery-item tiled-gallery-item-large\"><a href=\"https:\/\/www.fermedesainteluce.com\/web\/wp-content\/uploads\/2018\/09\/IMG_20180914_172926.jpg\"><img data-attachment-id=\"401\" data-orig-file=\"https:\/\/www.fermedesainteluce.com\/web\/wp-content\/uploads\/2018\/09\/IMG_20180914_172926.jpg\" data-orig-size=\"1680,1260\" data-comments-opened=\"0\" data-image-meta=\"{&quot;aperture&quot;:&quot;0&quot;,&quot;credit&quot;:&quot;&quot;,&quot;camera&quot;:&quot;&quot;,&quot;caption&quot;:&quot;&quot;,&quot;created_timestamp&quot;:&quot;0&quot;,&quot;copyright&quot;:&quot;&quot;,&quot;focal_length&quot;:&quot;0&quot;,&quot;iso&quot;:&quot;0&quot;,&quot;shutter_speed&quot;:&quot;0&quot;,&quot;title&quot;:&quot;&quot;,&quot;orientation&quot;:&quot;0&quot;,&quot;keywords&quot;:&quot;Array&quot;}\" data-image-title=\"pain\" data-image-description=\"\" data-medium-file=\"https:\/\/www.fermedesainteluce.com\/web\/wp-content\/uploads\/2018\/09\/IMG_20180914_172926-300x225.jpg\" data-large-file=\"https:\/\/www.fermedesainteluce.com\/web\/wp-content\/uploads\/2018\/09\/IMG_20180914_172926-1024x768.jpg\" src=\"https:\/\/www.fermedesainteluce.com\/web\/wp-content\/uploads\/2018\/09\/IMG_20180914_172926.jpg?w=439&#038;h=329\" width=\"439\" height=\"329\" align=\"left\" title=\"pain\" \/><\/a><div class=\"tiled-gallery-caption\">Pain noix-raisin<\/div><\/div><\/div><div class=\"gallery-group images-1\" style=\"width: 501px; height: 333px;\"><div class=\"tiled-gallery-item tiled-gallery-item-large\"><a href=\"https:\/\/www.fermedesainteluce.com\/web\/wp-content\/uploads\/2018\/09\/DSC_0076.jpg\"><img data-attachment-id=\"399\" data-orig-file=\"https:\/\/www.fermedesainteluce.com\/web\/wp-content\/uploads\/2018\/09\/DSC_0076.jpg\" data-orig-size=\"1680,1113\" data-comments-opened=\"0\" data-image-meta=\"{&quot;aperture&quot;:&quot;0&quot;,&quot;credit&quot;:&quot;&quot;,&quot;camera&quot;:&quot;&quot;,&quot;caption&quot;:&quot;&quot;,&quot;created_timestamp&quot;:&quot;0&quot;,&quot;copyright&quot;:&quot;&quot;,&quot;focal_length&quot;:&quot;0&quot;,&quot;iso&quot;:&quot;0&quot;,&quot;shutter_speed&quot;:&quot;0&quot;,&quot;title&quot;:&quot;&quot;,&quot;orientation&quot;:&quot;0&quot;,&quot;keywords&quot;:&quot;Array&quot;}\" data-image-title=\"pain\" data-image-description=\"\" data-medium-file=\"https:\/\/www.fermedesainteluce.com\/web\/wp-content\/uploads\/2018\/09\/DSC_0076-300x199.jpg\" data-large-file=\"https:\/\/www.fermedesainteluce.com\/web\/wp-content\/uploads\/2018\/09\/DSC_0076-1024x678.jpg\" src=\"https:\/\/www.fermedesainteluce.com\/web\/wp-content\/uploads\/2018\/09\/DSC_0076.jpg?w=497&#038;h=329\" width=\"497\" height=\"329\" align=\"left\" title=\"pain\" \/><\/a><div class=\"tiled-gallery-caption\">Pain au pavot<\/div><\/div><\/div><div class=\"gallery-group images-1\" style=\"width: 251px; height: 333px;\"><div class=\"tiled-gallery-item tiled-gallery-item-small\"><a href=\"https:\/\/www.fermedesainteluce.com\/web\/wp-content\/uploads\/2021\/11\/IMG_20210413_085220.jpg\"><img data-attachment-id=\"1063\" data-orig-file=\"https:\/\/www.fermedesainteluce.com\/web\/wp-content\/uploads\/2021\/11\/IMG_20210413_085220.jpg\" data-orig-size=\"960,1280\" data-comments-opened=\"0\" data-image-meta=\"{&quot;aperture&quot;:&quot;2&quot;,&quot;credit&quot;:&quot;&quot;,&quot;camera&quot;:&quot;Nokia 3.1&quot;,&quot;caption&quot;:&quot;&quot;,&quot;created_timestamp&quot;:&quot;1618303942&quot;,&quot;copyright&quot;:&quot;&quot;,&quot;focal_length&quot;:&quot;3.5&quot;,&quot;iso&quot;:&quot;558&quot;,&quot;shutter_speed&quot;:&quot;0.040005&quot;,&quot;title&quot;:&quot;&quot;,&quot;orientation&quot;:&quot;1&quot;,&quot;keywords&quot;:&quot;Array&quot;}\" data-image-title=\"IMG_20210413_085220\" data-image-description=\"\" data-medium-file=\"https:\/\/www.fermedesainteluce.com\/web\/wp-content\/uploads\/2021\/11\/IMG_20210413_085220-225x300.jpg\" data-large-file=\"https:\/\/www.fermedesainteluce.com\/web\/wp-content\/uploads\/2021\/11\/IMG_20210413_085220-768x1024.jpg\" src=\"https:\/\/www.fermedesainteluce.com\/web\/wp-content\/uploads\/2021\/11\/IMG_20210413_085220.jpg?w=247&#038;h=329\" width=\"247\" height=\"329\" align=\"left\" title=\"IMG_20210413_085220\" \/><\/a><div class=\"tiled-gallery-caption\">Jeu de main<\/div><\/div><\/div><\/div><div class=\"gallery-row\" style=\"width: 1195px; height: 529px;\"><div class=\"gallery-group images-1\" style=\"width: 797px; height: 533px;\"><div class=\"tiled-gallery-item tiled-gallery-item-large\"><a href=\"https:\/\/www.fermedesainteluce.com\/web\/wp-content\/uploads\/2023\/02\/luce_18092013_1299_L.jpg\"><img data-attachment-id=\"1192\" data-orig-file=\"https:\/\/www.fermedesainteluce.com\/web\/wp-content\/uploads\/2023\/02\/luce_18092013_1299_L.jpg\" data-orig-size=\"1200,800\" data-comments-opened=\"0\" data-image-meta=\"{&quot;aperture&quot;:&quot;5&quot;,&quot;credit&quot;:&quot;&quot;,&quot;camera&quot;:&quot;Canon EOS 5D&quot;,&quot;caption&quot;:&quot;&quot;,&quot;created_timestamp&quot;:&quot;1379502915&quot;,&quot;copyright&quot;:&quot;&quot;,&quot;focal_length&quot;:&quot;50&quot;,&quot;iso&quot;:&quot;800&quot;,&quot;shutter_speed&quot;:&quot;0.0125&quot;,&quot;title&quot;:&quot;&quot;,&quot;orientation&quot;:&quot;0&quot;,&quot;keywords&quot;:&quot;Array&quot;}\" data-image-title=\"luce_18092013_1299_L\" data-image-description=\"\" data-medium-file=\"https:\/\/www.fermedesainteluce.com\/web\/wp-content\/uploads\/2023\/02\/luce_18092013_1299_L-300x200.jpg\" data-large-file=\"https:\/\/www.fermedesainteluce.com\/web\/wp-content\/uploads\/2023\/02\/luce_18092013_1299_L-1024x683.jpg\" src=\"https:\/\/www.fermedesainteluce.com\/web\/wp-content\/uploads\/2023\/02\/luce_18092013_1299_L.jpg?w=793&#038;h=529\" width=\"793\" height=\"529\" align=\"left\" title=\"luce_18092013_1299_L\" \/><\/a><div class=\"tiled-gallery-caption\">Les tartinettes de 11 h<\/div><\/div><\/div><div class=\"gallery-group images-2\" style=\"width: 398px; height: 533px;\"><div class=\"tiled-gallery-item tiled-gallery-item-large\"><a href=\"https:\/\/www.fermedesainteluce.com\/web\/wp-content\/uploads\/2023\/02\/luce_18092013_1119_L.jpg\"><img data-attachment-id=\"1191\" data-orig-file=\"https:\/\/www.fermedesainteluce.com\/web\/wp-content\/uploads\/2023\/02\/luce_18092013_1119_L.jpg\" data-orig-size=\"1200,800\" data-comments-opened=\"0\" data-image-meta=\"{&quot;aperture&quot;:&quot;2.8&quot;,&quot;credit&quot;:&quot;&quot;,&quot;camera&quot;:&quot;Canon EOS 5D&quot;,&quot;caption&quot;:&quot;&quot;,&quot;created_timestamp&quot;:&quot;1379498042&quot;,&quot;copyright&quot;:&quot;&quot;,&quot;focal_length&quot;:&quot;28&quot;,&quot;iso&quot;:&quot;1600&quot;,&quot;shutter_speed&quot;:&quot;0.076923076923077&quot;,&quot;title&quot;:&quot;&quot;,&quot;orientation&quot;:&quot;0&quot;,&quot;keywords&quot;:&quot;Array&quot;}\" data-image-title=\"luce_18092013_1119_L\" data-image-description=\"\" data-medium-file=\"https:\/\/www.fermedesainteluce.com\/web\/wp-content\/uploads\/2023\/02\/luce_18092013_1119_L-300x200.jpg\" data-large-file=\"https:\/\/www.fermedesainteluce.com\/web\/wp-content\/uploads\/2023\/02\/luce_18092013_1119_L-1024x683.jpg\" src=\"https:\/\/www.fermedesainteluce.com\/web\/wp-content\/uploads\/2023\/02\/luce_18092013_1119_L.jpg?w=394&#038;h=263\" width=\"394\" height=\"263\" align=\"left\" title=\"luce_18092013_1119_L\" \/><\/a><div class=\"tiled-gallery-caption\">Pendant la cuisson<\/div><\/div><div class=\"tiled-gallery-item tiled-gallery-item-large\"><a href=\"https:\/\/www.fermedesainteluce.com\/web\/wp-content\/uploads\/2023\/02\/IMG_8439.jpg\"><img data-attachment-id=\"1178\" data-orig-file=\"https:\/\/www.fermedesainteluce.com\/web\/wp-content\/uploads\/2023\/02\/IMG_8439.jpg\" data-orig-size=\"1280,852\" data-comments-opened=\"0\" data-image-meta=\"{&quot;aperture&quot;:&quot;4&quot;,&quot;credit&quot;:&quot;&quot;,&quot;camera&quot;:&quot;Canon EOS 450D&quot;,&quot;caption&quot;:&quot;&quot;,&quot;created_timestamp&quot;:&quot;1402216171&quot;,&quot;copyright&quot;:&quot;&quot;,&quot;focal_length&quot;:&quot;18&quot;,&quot;iso&quot;:&quot;400&quot;,&quot;shutter_speed&quot;:&quot;0.016666666666667&quot;,&quot;title&quot;:&quot;&quot;,&quot;orientation&quot;:&quot;1&quot;,&quot;keywords&quot;:&quot;Array&quot;}\" data-image-title=\"IMG_8439\" data-image-description=\"\" data-medium-file=\"https:\/\/www.fermedesainteluce.com\/web\/wp-content\/uploads\/2023\/02\/IMG_8439-300x200.jpg\" data-large-file=\"https:\/\/www.fermedesainteluce.com\/web\/wp-content\/uploads\/2023\/02\/IMG_8439-1024x682.jpg\" src=\"https:\/\/www.fermedesainteluce.com\/web\/wp-content\/uploads\/2023\/02\/IMG_8439.jpg?w=394&#038;h=262\" width=\"394\" height=\"262\" align=\"left\" title=\"IMG_8439\" \/><\/a><div class=\"tiled-gallery-caption\">30 mn pour les petits, 45 mn pour les gros<\/div><\/div><\/div><\/div><div class=\"gallery-row\" style=\"width: 1195px; height: 1588px;\"><div class=\"gallery-group images-1\" style=\"width: 1195px; height: 1592px;\"><div class=\"tiled-gallery-item tiled-gallery-item-large\"><a href=\"https:\/\/www.fermedesainteluce.com\/web\/wp-content\/uploads\/2023\/02\/IMG-20220820-WA0010.jpg\"><img data-attachment-id=\"1197\" data-orig-file=\"https:\/\/www.fermedesainteluce.com\/web\/wp-content\/uploads\/2023\/02\/IMG-20220820-WA0010.jpg\" data-orig-size=\"960,1280\" data-comments-opened=\"0\" data-image-meta=\"{&quot;aperture&quot;:&quot;0&quot;,&quot;credit&quot;:&quot;&quot;,&quot;camera&quot;:&quot;&quot;,&quot;caption&quot;:&quot;&quot;,&quot;created_timestamp&quot;:&quot;0&quot;,&quot;copyright&quot;:&quot;&quot;,&quot;focal_length&quot;:&quot;0&quot;,&quot;iso&quot;:&quot;0&quot;,&quot;shutter_speed&quot;:&quot;0&quot;,&quot;title&quot;:&quot;&quot;,&quot;orientation&quot;:&quot;0&quot;,&quot;keywords&quot;:&quot;Array&quot;}\" data-image-title=\"IMG-20220820-WA0010\" data-image-description=\"\" data-medium-file=\"https:\/\/www.fermedesainteluce.com\/web\/wp-content\/uploads\/2023\/02\/IMG-20220820-WA0010-225x300.jpg\" data-large-file=\"https:\/\/www.fermedesainteluce.com\/web\/wp-content\/uploads\/2023\/02\/IMG-20220820-WA0010-768x1024.jpg\" src=\"https:\/\/www.fermedesainteluce.com\/web\/wp-content\/uploads\/2023\/02\/IMG-20220820-WA0010.jpg?w=1191&#038;h=1588\" width=\"1191\" height=\"1588\" align=\"left\" title=\"IMG-20220820-WA0010\" \/><\/a><div class=\"tiled-gallery-caption\">Le gros pain, notre grand classique<\/div><\/div><\/div><\/div><\/div>\n","protected":false},"excerpt":{"rendered":"<p>Cinq jours par semaine, nous faisons chauffer notre grand four \u00e0 bois, et produisons une \u00e0 cinq fourn\u00e9es de pain. Nos pains sont tous fabriqu\u00e9s au levain naturel et p\u00e9tris \u00e0 la main. La liste des ingr\u00e9dients est simple\u00a0: eau, levain, sel de gu\u00e9rande et [&hellip;]<\/p>\n","protected":false},"author":1,"featured_media":0,"parent":247,"menu_order":0,"comment_status":"closed","ping_status":"closed","template":"template-full.php","meta":{"_custom_body_class":"","_custom_post_class":""},"_links":{"self":[{"href":"https:\/\/www.fermedesainteluce.com\/web\/wp-json\/wp\/v2\/pages\/575"}],"collection":[{"href":"https:\/\/www.fermedesainteluce.com\/web\/wp-json\/wp\/v2\/pages"}],"about":[{"href":"https:\/\/www.fermedesainteluce.com\/web\/wp-json\/wp\/v2\/types\/page"}],"author":[{"embeddable":true,"href":"https:\/\/www.fermedesainteluce.com\/web\/wp-json\/wp\/v2\/users\/1"}],"replies":[{"embeddable":true,"href":"https:\/\/www.fermedesainteluce.com\/web\/wp-json\/wp\/v2\/comments?post=575"}],"version-history":[{"count":7,"href":"https:\/\/www.fermedesainteluce.com\/web\/wp-json\/wp\/v2\/pages\/575\/revisions"}],"predecessor-version":[{"id":1198,"href":"https:\/\/www.fermedesainteluce.com\/web\/wp-json\/wp\/v2\/pages\/575\/revisions\/1198"}],"up":[{"embeddable":true,"href":"https:\/\/www.fermedesainteluce.com\/web\/wp-json\/wp\/v2\/pages\/247"}],"wp:attachment":[{"href":"https:\/\/www.fermedesainteluce.com\/web\/wp-json\/wp\/v2\/media?parent=575"}],"curies":[{"name":"wp","href":"https:\/\/api.w.org\/{rel}","templated":true}]}}