{"id":577,"date":"2018-10-04T18:39:07","date_gmt":"2018-10-04T16:39:07","guid":{"rendered":"https:\/\/www.fermedesainteluce.com\/web\/?page_id=577"},"modified":"2018-10-10T10:55:21","modified_gmt":"2018-10-10T08:55:21","slug":"lanimation","status":"publish","type":"page","link":"https:\/\/www.fermedesainteluce.com\/web\/decouvrir-la-ferme-de-sainte-luce\/lanimation\/","title":{"rendered":"L&#8217;animation"},"content":{"rendered":"<p>La ferme de Sainte-Luce est aussi un lieu d&#8217;accueil. Visites p\u00e9dagogiques de classes, de centres de loisirs, d&#8217;Ephad.. mais aussi groupes touristiques, nous aimons partager nos m\u00e9tiers et nos passions \u00e0 tous les publics tout au long de l&#8217;ann\u00e9e.<\/p>\n<p>Lorsque c&#8217;est possible, nous proposons, en plus d&#8217;une visite, des ateliers de fabrication de pain et de fromage.<\/p>\n<p>Et bien s\u00fbr, la visite se termine bien souvent par une d\u00e9gustation&#8230;les yeux ferm\u00e9s s&#8217;il vous pla\u00eet\u00a0!<\/p>\n<div data-carousel-extra='{\"blog_id\":1,\"permalink\":\"https:\\\/\\\/www.fermedesainteluce.com\\\/web\\\/decouvrir-la-ferme-de-sainte-luce\\\/lanimation\\\/\",\"likes_blog_id\":false}' class=\"tiled-gallery type-rectangular tiled-gallery-unresized\" data-original-width=\"1200\"><div class=\"gallery-row\" style=\"width: 1195px; height: 568px;\"><div class=\"gallery-group images-1\" style=\"width: 761px; height: 572px;\"><div class=\"tiled-gallery-item tiled-gallery-item-large\"><a href=\"https:\/\/www.fermedesainteluce.com\/web\/tout\/la-ferme\/le-temps-des-animations\/attachment\/animations-ferme-jeux\/\"><img data-attachment-id=\"311\" data-orig-file=\"https:\/\/www.fermedesainteluce.com\/web\/wp-content\/uploads\/2018\/09\/Animations-Ferme-Jeux.jpg\" data-orig-size=\"3648,2736\" data-comments-opened=\"0\" data-image-meta=\"{&quot;aperture&quot;:&quot;3.5&quot;,&quot;credit&quot;:&quot;&quot;,&quot;camera&quot;:&quot;COOLPIX S550&quot;,&quot;caption&quot;:&quot;&quot;,&quot;created_timestamp&quot;:&quot;&quot;,&quot;copyright&quot;:&quot;&quot;,&quot;focal_length&quot;:&quot;6.3&quot;,&quot;iso&quot;:&quot;64&quot;,&quot;shutter_speed&quot;:&quot;0.0029886431560072&quot;,&quot;title&quot;:&quot;&quot;,&quot;orientation&quot;:&quot;1&quot;,&quot;keywords&quot;:&quot;Array&quot;}\" data-image-title=\"Animations Ferme Jeux\" data-image-description=\"\" data-medium-file=\"https:\/\/www.fermedesainteluce.com\/web\/wp-content\/uploads\/2018\/09\/Animations-Ferme-Jeux-300x225.jpg\" data-large-file=\"https:\/\/www.fermedesainteluce.com\/web\/wp-content\/uploads\/2018\/09\/Animations-Ferme-Jeux-1024x768.jpg\" src=\"https:\/\/www.fermedesainteluce.com\/web\/wp-content\/uploads\/2018\/09\/Animations-Ferme-Jeux.jpg?w=757&#038;h=568\" width=\"757\" height=\"568\" align=\"left\" title=\"Animations Ferme Jeux\" \/><\/a><div class=\"tiled-gallery-caption\">Les enfants sont form\u00e9s au cycle de la culture des c\u00e9r\u00e9ales. <\/div><\/div><\/div><div class=\"gallery-group images-2\" style=\"width: 434px; height: 572px;\"><div class=\"tiled-gallery-item tiled-gallery-item-large\"><a href=\"https:\/\/www.fermedesainteluce.com\/web\/tout\/la-ferme\/le-temps-des-animations\/attachment\/animations-ferme-fromages\/\"><img data-attachment-id=\"310\" data-orig-file=\"https:\/\/www.fermedesainteluce.com\/web\/wp-content\/uploads\/2018\/09\/Animations-Ferme-Fromages.jpg\" data-orig-size=\"3648,2736\" data-comments-opened=\"0\" data-image-meta=\"{&quot;aperture&quot;:&quot;3.5&quot;,&quot;credit&quot;:&quot;&quot;,&quot;camera&quot;:&quot;COOLPIX S550&quot;,&quot;caption&quot;:&quot;&quot;,&quot;created_timestamp&quot;:&quot;&quot;,&quot;copyright&quot;:&quot;&quot;,&quot;focal_length&quot;:&quot;6.3&quot;,&quot;iso&quot;:&quot;432&quot;,&quot;shutter_speed&quot;:&quot;0.125&quot;,&quot;title&quot;:&quot;&quot;,&quot;orientation&quot;:&quot;1&quot;,&quot;keywords&quot;:&quot;Array&quot;}\" data-image-title=\"Animations Ferme Fromages\" data-image-description=\"\" data-medium-file=\"https:\/\/www.fermedesainteluce.com\/web\/wp-content\/uploads\/2018\/09\/Animations-Ferme-Fromages-300x225.jpg\" data-large-file=\"https:\/\/www.fermedesainteluce.com\/web\/wp-content\/uploads\/2018\/09\/Animations-Ferme-Fromages-1024x768.jpg\" src=\"https:\/\/www.fermedesainteluce.com\/web\/wp-content\/uploads\/2018\/09\/Animations-Ferme-Fromages.jpg?w=430&#038;h=322\" width=\"430\" height=\"322\" align=\"left\" title=\"Animations Ferme Fromages\" \/><\/a><div class=\"tiled-gallery-caption\">Visite de classe. <\/div><\/div><div class=\"tiled-gallery-item tiled-gallery-item-large\"><a href=\"https:\/\/www.fermedesainteluce.com\/web\/tout\/evenements\/journee-decouverte\/attachment\/img-20180826-wa0003\/\"><img data-attachment-id=\"245\" data-orig-file=\"https:\/\/www.fermedesainteluce.com\/web\/wp-content\/uploads\/2018\/09\/IMG-20180826-WA0003.jpg\" data-orig-size=\"1600,900\" data-comments-opened=\"0\" data-image-meta=\"{&quot;aperture&quot;:&quot;0&quot;,&quot;credit&quot;:&quot;&quot;,&quot;camera&quot;:&quot;&quot;,&quot;caption&quot;:&quot;&quot;,&quot;created_timestamp&quot;:&quot;0&quot;,&quot;copyright&quot;:&quot;&quot;,&quot;focal_length&quot;:&quot;0&quot;,&quot;iso&quot;:&quot;0&quot;,&quot;shutter_speed&quot;:&quot;0&quot;,&quot;title&quot;:&quot;&quot;,&quot;orientation&quot;:&quot;0&quot;,&quot;keywords&quot;:&quot;Array&quot;}\" data-image-title=\"journ\u00e9e portes ouvertes 26082018\" data-image-description=\"\" data-medium-file=\"https:\/\/www.fermedesainteluce.com\/web\/wp-content\/uploads\/2018\/09\/IMG-20180826-WA0003-300x169.jpg\" data-large-file=\"https:\/\/www.fermedesainteluce.com\/web\/wp-content\/uploads\/2018\/09\/IMG-20180826-WA0003-1024x576.jpg\" src=\"https:\/\/www.fermedesainteluce.com\/web\/wp-content\/uploads\/2018\/09\/IMG-20180826-WA0003.jpg?w=430&#038;h=242\" width=\"430\" height=\"242\" align=\"left\" title=\"journ\u00e9e portes ouvertes 26082018\" \/><\/a><div class=\"tiled-gallery-caption\">fabrication de pain lors de notre journ\u00e9e portes ouvertes<\/div><\/div><\/div><\/div><\/div>\n<p>&nbsp;<\/p>\n<p>&nbsp;<\/p>\n<p>&nbsp;<\/p>\n","protected":false},"excerpt":{"rendered":"<p>La ferme de Sainte-Luce est aussi un lieu d&#8217;accueil. Visites p\u00e9dagogiques de classes, de centres de loisirs, d&#8217;Ephad.. mais aussi groupes touristiques, nous aimons partager nos m\u00e9tiers et nos passions \u00e0 tous les publics tout au long de l&#8217;ann\u00e9e. Lorsque c&#8217;est possible, nous proposons, en [&hellip;]<\/p>\n","protected":false},"author":1,"featured_media":0,"parent":247,"menu_order":0,"comment_status":"closed","ping_status":"closed","template":"template-full.php","meta":{"_custom_body_class":"","_custom_post_class":""},"_links":{"self":[{"href":"https:\/\/www.fermedesainteluce.com\/web\/wp-json\/wp\/v2\/pages\/577"}],"collection":[{"href":"https:\/\/www.fermedesainteluce.com\/web\/wp-json\/wp\/v2\/pages"}],"about":[{"href":"https:\/\/www.fermedesainteluce.com\/web\/wp-json\/wp\/v2\/types\/page"}],"author":[{"embeddable":true,"href":"https:\/\/www.fermedesainteluce.com\/web\/wp-json\/wp\/v2\/users\/1"}],"replies":[{"embeddable":true,"href":"https:\/\/www.fermedesainteluce.com\/web\/wp-json\/wp\/v2\/comments?post=577"}],"version-history":[{"count":3,"href":"https:\/\/www.fermedesainteluce.com\/web\/wp-json\/wp\/v2\/pages\/577\/revisions"}],"predecessor-version":[{"id":616,"href":"https:\/\/www.fermedesainteluce.com\/web\/wp-json\/wp\/v2\/pages\/577\/revisions\/616"}],"up":[{"embeddable":true,"href":"https:\/\/www.fermedesainteluce.com\/web\/wp-json\/wp\/v2\/pages\/247"}],"wp:attachment":[{"href":"https:\/\/www.fermedesainteluce.com\/web\/wp-json\/wp\/v2\/media?parent=577"}],"curies":[{"name":"wp","href":"https:\/\/api.w.org\/{rel}","templated":true}]}}