{"id":897,"date":"2020-09-07T12:45:01","date_gmt":"2020-09-07T10:45:01","guid":{"rendered":"https:\/\/www.fermedesainteluce.com\/web\/?page_id=897"},"modified":"2024-11-18T09:48:41","modified_gmt":"2024-11-18T08:48:41","slug":"biere-paysanne-letincelle","status":"publish","type":"page","link":"https:\/\/www.fermedesainteluce.com\/web\/biere-paysanne-letincelle\/","title":{"rendered":"Bi\u00e8re paysanne L\u2019\u00c9tincelle"},"content":{"rendered":"<p>Notre bi\u00e8re est une bi\u00e8re paysanne brass\u00e9e avec l&#8217;orge et le bl\u00e9 cultiv\u00e9s sur la ferme en agriculture biologique. Elle est conditionn\u00e9e en bouteilles de 75cl ou en f\u00fbts de 20L.<\/p>\n<ul>\n<li><strong>L\u2019\u00c9tincelle Blonde (5\u00b0)<\/strong> : l\u00e9g\u00e8re et d\u00e9salt\u00e9rante, au doux parfum <span class=\"il\">de<\/span> c\u00e9r\u00e9ales. On sent l&#8217;amertume et l&#8217;ar\u00f4me floral des houblons en fin <span class=\"il\">de<\/span> bouche.<\/li>\n<li><strong>L&#8217;Etincelle Neipa (5\u00b0)<\/strong> : bi\u00e8re blonde de type &#8220;NEIPA&#8221;, c&#8217;est une explosion de houblon aromatique aux ar\u00f4mes herbac\u00e9s et floraux.<\/li>\n<li><strong>L\u2019\u00c9tincelle Ambr\u00e9e (6\u00b0)<\/strong> : un peu plus forte et riche en bouche. L&#8217;ar\u00f4me de malt y est plus pr\u00e9sent et l&#8217;utilisation de grains torr\u00e9fi\u00e9s lui apporte des notes de caramel..<\/li>\n<li><strong>L\u2019\u00c9tincelle Blanche (5\u00b0)<\/strong> : brass\u00e9e avec de l&#8217;orge et du froment malt\u00e9s. Elle est douce, velout\u00e9e et rafraichissante. Au nez et en bouche, on y sent la subtile pr\u00e9sence des graines de coriandre et les houblons am\u00e8nent des notes d&#8217;agrume&#8230;<\/li>\n<li><strong>L\u2019\u00c9tincelle Rousse (7\u00b0)<\/strong> : a la robe cuivr\u00e9e. Cors\u00e9e et sucr\u00e9e. La pr\u00e9sence des c\u00e9r\u00e9ales pr\u00e9domine dans cette bi\u00e8re de caract\u00e8re.<\/li>\n<li><strong>L\u2019\u00c9tincelle Noire (7\u00b0) :<\/strong> bi\u00e8re de type &#8220;baltic porter&#8221;, brass\u00e9e avec des malts tr\u00e8s torr\u00e9fi\u00e9s qui apportent des notes prononc\u00e9es de caf\u00e9 et d\u2019olive noire.<\/li>\n<li><strong>L\u2019\u00c9tincelle d&#8217;hiver (8\u00b0)<\/strong> : bi\u00e8re saisonni\u00e8re (devinez la saison en question !) de d\u00e9gustation, au miel et aux \u00e9pices (girofle, cannelle, gingembre). La robe est dor\u00e9e et le nez a des ar\u00f4mes complexes. On peut y sentir la banane ! En bouche vous sentirez d&#8217;abord le go\u00fbt prononc\u00e9 du miel puis le go\u00fbt des \u00e9pices.<\/li>\n<\/ul>\n<p>En f\u00fbts, nous faisons la Blonde, la Neipa et l&#8217;Ambr\u00e9e. Nous pr\u00eatons la tireuse pour les \u00e9v\u00e8nements priv\u00e9s et associatifs ! N&#8217;h\u00e9sitez pas \u00e0 passer commande et \u00e0 nous contacter pour toute demande !<\/p>\n<p>\u00a0<\/p>\n\n\n<figure class=\"is-layout-flex wp-block-gallery-1 wp-block-gallery has-nested-images columns-default is-cropped\">\n<figure class=\"wp-block-image size-large\"><img decoding=\"async\" loading=\"lazy\" width=\"1024\" height=\"768\" data-id=\"1389\"  src=\"https:\/\/www.fermedesainteluce.com\/web\/wp-content\/uploads\/2024\/01\/assortiment-biere-1024x768.jpg\" alt=\"\" class=\"wp-image-1389\" srcset=\"https:\/\/www.fermedesainteluce.com\/web\/wp-content\/uploads\/2024\/01\/assortiment-biere-1024x768.jpg 1024w, https:\/\/www.fermedesainteluce.com\/web\/wp-content\/uploads\/2024\/01\/assortiment-biere-300x225.jpg 300w, https:\/\/www.fermedesainteluce.com\/web\/wp-content\/uploads\/2024\/01\/assortiment-biere-768x576.jpg 768w, https:\/\/www.fermedesainteluce.com\/web\/wp-content\/uploads\/2024\/01\/assortiment-biere.jpg 1280w\" sizes=\"(max-width: 1024px) 100vw, 1024px\" \/><\/figure>\n\n\n\n<figure class=\"wp-block-image size-large\"><img decoding=\"async\" loading=\"lazy\" width=\"1024\" height=\"768\" data-id=\"1413\"  src=\"https:\/\/www.fermedesainteluce.com\/web\/wp-content\/uploads\/2024\/01\/IMG-20230615-WA0017-1024x768.jpg\" alt=\"\" class=\"wp-image-1413\" srcset=\"https:\/\/www.fermedesainteluce.com\/web\/wp-content\/uploads\/2024\/01\/IMG-20230615-WA0017-1024x768.jpg 1024w, https:\/\/www.fermedesainteluce.com\/web\/wp-content\/uploads\/2024\/01\/IMG-20230615-WA0017-300x225.jpg 300w, https:\/\/www.fermedesainteluce.com\/web\/wp-content\/uploads\/2024\/01\/IMG-20230615-WA0017-768x576.jpg 768w, https:\/\/www.fermedesainteluce.com\/web\/wp-content\/uploads\/2024\/01\/IMG-20230615-WA0017.jpg 1280w\" sizes=\"(max-width: 1024px) 100vw, 1024px\" \/><figcaption class=\"wp-element-caption\">Blanche<\/figcaption><\/figure>\n\n\n\n<figure class=\"wp-block-image size-large\"><img decoding=\"async\" loading=\"lazy\" width=\"768\" height=\"1024\" data-id=\"1417\"  src=\"https:\/\/www.fermedesainteluce.com\/web\/wp-content\/uploads\/2024\/01\/IMG-20230615-WA0021-768x1024.jpg\" alt=\"\" class=\"wp-image-1417\" srcset=\"https:\/\/www.fermedesainteluce.com\/web\/wp-content\/uploads\/2024\/01\/IMG-20230615-WA0021-768x1024.jpg 768w, https:\/\/www.fermedesainteluce.com\/web\/wp-content\/uploads\/2024\/01\/IMG-20230615-WA0021-225x300.jpg 225w, https:\/\/www.fermedesainteluce.com\/web\/wp-content\/uploads\/2024\/01\/IMG-20230615-WA0021.jpg 960w\" sizes=\"(max-width: 768px) 100vw, 768px\" \/><figcaption class=\"wp-element-caption\">Blonde<\/figcaption><\/figure>\n\n\n\n<figure class=\"wp-block-image size-large\"><img decoding=\"async\" loading=\"lazy\" width=\"768\" height=\"1024\" data-id=\"1401\"  src=\"https:\/\/www.fermedesainteluce.com\/web\/wp-content\/uploads\/2024\/01\/IMG-20230615-WA0005-768x1024.jpg\" alt=\"\" class=\"wp-image-1401\" srcset=\"https:\/\/www.fermedesainteluce.com\/web\/wp-content\/uploads\/2024\/01\/IMG-20230615-WA0005-768x1024.jpg 768w, https:\/\/www.fermedesainteluce.com\/web\/wp-content\/uploads\/2024\/01\/IMG-20230615-WA0005-225x300.jpg 225w, https:\/\/www.fermedesainteluce.com\/web\/wp-content\/uploads\/2024\/01\/IMG-20230615-WA0005.jpg 960w\" sizes=\"(max-width: 768px) 100vw, 768px\" \/><figcaption class=\"wp-element-caption\">Neipa<\/figcaption><\/figure>\n\n\n\n<figure class=\"wp-block-image size-large\"><img decoding=\"async\" loading=\"lazy\" width=\"768\" height=\"1024\" data-id=\"1412\"  src=\"https:\/\/www.fermedesainteluce.com\/web\/wp-content\/uploads\/2024\/01\/IMG-20230615-WA0016-768x1024.jpg\" alt=\"\" class=\"wp-image-1412\" srcset=\"https:\/\/www.fermedesainteluce.com\/web\/wp-content\/uploads\/2024\/01\/IMG-20230615-WA0016-768x1024.jpg 768w, https:\/\/www.fermedesainteluce.com\/web\/wp-content\/uploads\/2024\/01\/IMG-20230615-WA0016-225x300.jpg 225w, https:\/\/www.fermedesainteluce.com\/web\/wp-content\/uploads\/2024\/01\/IMG-20230615-WA0016.jpg 960w\" sizes=\"(max-width: 768px) 100vw, 768px\" \/><figcaption class=\"wp-element-caption\">Ambr\u00e9e<\/figcaption><\/figure>\n\n\n\n<figure class=\"wp-block-image size-large\"><img decoding=\"async\" loading=\"lazy\" width=\"768\" height=\"1024\" data-id=\"1406\"  src=\"https:\/\/www.fermedesainteluce.com\/web\/wp-content\/uploads\/2024\/01\/IMG-20230615-WA0009-768x1024.jpg\" alt=\"\" class=\"wp-image-1406\" srcset=\"https:\/\/www.fermedesainteluce.com\/web\/wp-content\/uploads\/2024\/01\/IMG-20230615-WA0009-768x1024.jpg 768w, https:\/\/www.fermedesainteluce.com\/web\/wp-content\/uploads\/2024\/01\/IMG-20230615-WA0009-225x300.jpg 225w, https:\/\/www.fermedesainteluce.com\/web\/wp-content\/uploads\/2024\/01\/IMG-20230615-WA0009.jpg 960w\" sizes=\"(max-width: 768px) 100vw, 768px\" \/><figcaption class=\"wp-element-caption\">Rousse<\/figcaption><\/figure>\n\n\n\n<figure class=\"wp-block-image size-large\"><img decoding=\"async\" loading=\"lazy\" width=\"768\" height=\"1024\" data-id=\"1422\"  src=\"https:\/\/www.fermedesainteluce.com\/web\/wp-content\/uploads\/2024\/01\/IMG-20230615-WA0026-768x1024.jpg\" alt=\"\" class=\"wp-image-1422\" srcset=\"https:\/\/www.fermedesainteluce.com\/web\/wp-content\/uploads\/2024\/01\/IMG-20230615-WA0026-768x1024.jpg 768w, https:\/\/www.fermedesainteluce.com\/web\/wp-content\/uploads\/2024\/01\/IMG-20230615-WA0026-225x300.jpg 225w, https:\/\/www.fermedesainteluce.com\/web\/wp-content\/uploads\/2024\/01\/IMG-20230615-WA0026.jpg 960w\" sizes=\"(max-width: 768px) 100vw, 768px\" \/><figcaption class=\"wp-element-caption\">la surprenante !<\/figcaption><\/figure>\n\n\n\n<figure class=\"wp-block-image size-large\"><img decoding=\"async\" loading=\"lazy\" width=\"632\" height=\"1024\" data-id=\"1400\"  src=\"https:\/\/www.fermedesainteluce.com\/web\/wp-content\/uploads\/2024\/01\/Etincelle-Noire-632x1024.jpg\" alt=\"\" class=\"wp-image-1400\" srcset=\"https:\/\/www.fermedesainteluce.com\/web\/wp-content\/uploads\/2024\/01\/Etincelle-Noire-632x1024.jpg 632w, https:\/\/www.fermedesainteluce.com\/web\/wp-content\/uploads\/2024\/01\/Etincelle-Noire-185x300.jpg 185w, https:\/\/www.fermedesainteluce.com\/web\/wp-content\/uploads\/2024\/01\/Etincelle-Noire-768x1244.jpg 768w, https:\/\/www.fermedesainteluce.com\/web\/wp-content\/uploads\/2024\/01\/Etincelle-Noire.jpg 790w\" sizes=\"(max-width: 632px) 100vw, 632px\" \/><figcaption class=\"wp-element-caption\">noire !<\/figcaption><\/figure>\n<\/figure>\n","protected":false},"excerpt":{"rendered":"<p>Notre bi\u00e8re est une bi\u00e8re paysanne brass\u00e9e avec l&#8217;orge et le bl\u00e9 cultiv\u00e9s sur la ferme en agriculture biologique. Elle est conditionn\u00e9e en bouteilles de 75cl ou en f\u00fbts de 20L. L\u2019\u00c9tincelle Blonde (5\u00b0) : l\u00e9g\u00e8re et d\u00e9salt\u00e9rante, au doux parfum de c\u00e9r\u00e9ales. On sent [&hellip;]<\/p>\n","protected":false},"author":2,"featured_media":0,"parent":0,"menu_order":0,"comment_status":"closed","ping_status":"closed","template":"","meta":{"_custom_body_class":"","_custom_post_class":""},"_links":{"self":[{"href":"https:\/\/www.fermedesainteluce.com\/web\/wp-json\/wp\/v2\/pages\/897"}],"collection":[{"href":"https:\/\/www.fermedesainteluce.com\/web\/wp-json\/wp\/v2\/pages"}],"about":[{"href":"https:\/\/www.fermedesainteluce.com\/web\/wp-json\/wp\/v2\/types\/page"}],"author":[{"embeddable":true,"href":"https:\/\/www.fermedesainteluce.com\/web\/wp-json\/wp\/v2\/users\/2"}],"replies":[{"embeddable":true,"href":"https:\/\/www.fermedesainteluce.com\/web\/wp-json\/wp\/v2\/comments?post=897"}],"version-history":[{"count":16,"href":"https:\/\/www.fermedesainteluce.com\/web\/wp-json\/wp\/v2\/pages\/897\/revisions"}],"predecessor-version":[{"id":1540,"href":"https:\/\/www.fermedesainteluce.com\/web\/wp-json\/wp\/v2\/pages\/897\/revisions\/1540"}],"wp:attachment":[{"href":"https:\/\/www.fermedesainteluce.com\/web\/wp-json\/wp\/v2\/media?parent=897"}],"curies":[{"name":"wp","href":"https:\/\/api.w.org\/{rel}","templated":true}]}}