{"id":947,"date":"2021-02-02T10:14:03","date_gmt":"2021-02-02T09:14:03","guid":{"rendered":"https:\/\/www.fermedesainteluce.com\/web\/?page_id=947"},"modified":"2021-10-19T16:33:30","modified_gmt":"2021-10-19T14:33:30","slug":"revue-de-presse","status":"publish","type":"page","link":"https:\/\/www.fermedesainteluce.com\/web\/revue-de-presse\/","title":{"rendered":"Revue de presse"},"content":{"rendered":"<ul>\n<li>Septembre 2021 : <strong>Les paysans des Alpes s&#8217;organisent pour nourrir leurs cantines<\/strong>, article de <strong>Bruno Poussard pour le magazine de la ruche qui dit Oui ! <\/strong><a href=\"https:\/\/magazine.laruchequiditoui.fr\/les-paysans-des-alpes-sorganisent-pour-nourrir-leurs-cantines\/\"><span style=\"color: #00ccff;\"><span style=\"color: #0000ff;\">https:\/\/magazine.laruchequiditoui.fr\/les-paysans-des-alpes-sorganisent-pour-nourrir-leurs-cantines\/<\/span><\/span><\/a><\/li>\n<li>Janvier 2020 :<strong> Une s\u00e9rie de courts reportages sur nos diff\u00e9rents ateliers de Nathalie Malochet pour l&#8217;\u00e9mission Circuits Courts sur France Bleu Is\u00e8re.<\/strong> Cliquer sur les liens pour acc\u00e9der aux replays. Bonne \u00e9coute !!<br \/>\n&#8211; <a href=\"https:\/\/www.francebleu.fr\/emissions\/circuits-courts-en-isere\/isere\/la-ferme-de-sainte-luce-en-gouvernace-partagee-dans-le-beaumont\" target=\"_blank\" rel=\"noopener\"><span style=\"color: #0000ff;\">La ferme de Sainte-Luce, la transformation fromag\u00e8re pr\u00e9sent\u00e9e Florence\u00a0 <\/span><\/a><br \/>\n<span style=\"color: #0000ff;\">&#8211; <a style=\"color: #0000ff;\" href=\"https:\/\/www.francebleu.fr\/emissions\/circuits-courts-en-isere\/isere\/en-bio-du-fromage-du-pain-de-la-viande-et-de-la-biere-sur-la-ferme-de-sainte-luce\" target=\"_blank\" rel=\"noopener\">La bi\u00e8re de Sainte-Luce pr\u00e9sent\u00e9e par Jean<\/a><\/span><span style=\"color: #0000ff;\"><br \/>\n&#8211; <a style=\"color: #0000ff;\" href=\"https:\/\/www.francebleu.fr\/emissions\/circuits-courts-en-isere\/isere\/de-bons-produits-bio-sur-la-ferme-de-ste-luce\" target=\"_blank\" rel=\"noopener\">Le pain de Sainte-Luce, pr\u00e9sent\u00e9 par Manu<\/a><\/span><span style=\"color: #0000ff;\"><br \/>\n&#8211; <a style=\"color: #0000ff;\" href=\"https:\/\/www.francebleu.fr\/emissions\/circuits-courts-en-isere\/isere\/abondances-et-montbeliardes-un-beau-troupeau-et-du-bon-lait-sur-la-ferme-de-sainte-luce\" target=\"_blank\" rel=\"noopener\">L&#8217;\u00e9levage bovin, pr\u00e9sent\u00e9 par Bruno<\/a><\/span><br \/>\n&#8211; <a href=\"https:\/\/www.francebleu.fr\/emissions\/circuits-courts-en-isere\/isere\/a-quet-en-beaumont-un-elevage-de-cochons-en-plein-air\" target=\"_blank\" rel=\"noopener\"><span style=\"color: #0000ff;\">Et enfin, l&#8217;\u00e9levage porcin pr\u00e9sent\u00e9 par Anne<\/span><\/a><\/li>\n<li>Octobre 2019 : <strong>A 1200 m\u00e8tres d&#8217;altitude, une ferme collective et \u00e9quitable depuis 20 ans<\/strong>, article de <strong>Ga\u00eblle Ronsin pour la revue Silence et repris par reporterre.net<\/strong> <a href=\"https:\/\/reporterre.net\/A-1-200-metres-d-altitude-une-ferme-collective-et-equitable\" target=\"_blank\" rel=\"noopener\">https:\/\/reporterre.net\/A-1-200-metres-d-altitude-une-ferme-collective-et-equitable<\/a><\/li>\n<\/ul>\n<p>&nbsp;<\/p>\n<p>&nbsp;<\/p>\n","protected":false},"excerpt":{"rendered":"<p>Septembre 2021 : Les paysans des Alpes s&#8217;organisent pour nourrir leurs cantines, article de Bruno Poussard pour le magazine de la ruche qui dit Oui ! https:\/\/magazine.laruchequiditoui.fr\/les-paysans-des-alpes-sorganisent-pour-nourrir-leurs-cantines\/ Janvier 2020 : Une s\u00e9rie de courts reportages sur nos diff\u00e9rents ateliers de Nathalie Malochet pour l&#8217;\u00e9mission Circuits [&hellip;]<\/p>\n","protected":false},"author":2,"featured_media":0,"parent":0,"menu_order":0,"comment_status":"closed","ping_status":"closed","template":"","meta":{"_custom_body_class":"","_custom_post_class":""},"_links":{"self":[{"href":"https:\/\/www.fermedesainteluce.com\/web\/wp-json\/wp\/v2\/pages\/947"}],"collection":[{"href":"https:\/\/www.fermedesainteluce.com\/web\/wp-json\/wp\/v2\/pages"}],"about":[{"href":"https:\/\/www.fermedesainteluce.com\/web\/wp-json\/wp\/v2\/types\/page"}],"author":[{"embeddable":true,"href":"https:\/\/www.fermedesainteluce.com\/web\/wp-json\/wp\/v2\/users\/2"}],"replies":[{"embeddable":true,"href":"https:\/\/www.fermedesainteluce.com\/web\/wp-json\/wp\/v2\/comments?post=947"}],"version-history":[{"count":4,"href":"https:\/\/www.fermedesainteluce.com\/web\/wp-json\/wp\/v2\/pages\/947\/revisions"}],"predecessor-version":[{"id":1028,"href":"https:\/\/www.fermedesainteluce.com\/web\/wp-json\/wp\/v2\/pages\/947\/revisions\/1028"}],"wp:attachment":[{"href":"https:\/\/www.fermedesainteluce.com\/web\/wp-json\/wp\/v2\/media?parent=947"}],"curies":[{"name":"wp","href":"https:\/\/api.w.org\/{rel}","templated":true}]}}